{"id":6,"date":"2016-08-08T17:24:53","date_gmt":"2016-08-08T15:24:53","guid":{"rendered":"http:\/\/www.elektro-cezanne.de\/WP\/?page_id=6"},"modified":"2025-10-15T15:35:07","modified_gmt":"2025-10-15T13:35:07","slug":"impressum","status":"publish","type":"page","link":"https:\/\/www.elektro-cezanne.de\/WP\/impressum\/","title":{"rendered":"Impressum"},"content":{"rendered":"<p>[et_pb_section fb_built=&#8220;1&#8243; _builder_version=&#8220;4.16&#8243; global_colors_info=&#8220;{}&#8220;][et_pb_row _builder_version=&#8220;4.16&#8243; background_size=&#8220;initial&#8220; background_position=&#8220;top_left&#8220; background_repeat=&#8220;repeat&#8220; global_colors_info=&#8220;{}&#8220;][et_pb_column type=&#8220;4_4&#8243; _builder_version=&#8220;4.16&#8243; custom_padding=&#8220;|||&#8220; global_colors_info=&#8220;{}&#8220; custom_padding__hover=&#8220;|||&#8220;][et_pb_text _builder_version=&#8220;4.18.0&#8243; background_size=&#8220;initial&#8220; background_position=&#8220;top_left&#8220; background_repeat=&#8220;repeat&#8220; hover_enabled=&#8220;0&#8243; global_colors_info=&#8220;{}&#8220; sticky_enabled=&#8220;0&#8243;]<\/p>\n<h3><span style=\"color: #990200;\">Impressum von elektro cezanne<\/span><\/h3>\n<p>&nbsp;<\/p>\n<h3><span style=\"color: #990200;\">Angaben gem\u00e4\u00df \u00a7 5 TMG:<\/span><\/h3>\n<p>elektro cezanne gmbh<br \/>Langstra\u00dfe 27<br \/>64546 M\u00f6rfelden-Walldorf<\/p>\n<h2>\u00a0<\/h2>\n<h5>Vertreten durch:<\/h5>\n<p>Elektro Cezanne GmbH<br \/>Langstra\u00dfe 27<br \/>64546 M\u00f6rfelden-Walldorf<br \/>Vertretungsberechtigter Gesch\u00e4ftsf\u00fchrer: Frank Cezanne<\/p>\n<h3>\u00a0<\/h3>\n<h5>Kontakt:<\/h5>\n<p style=\"text-align: left;\">Telefon: 0 61 05-69 38<br \/>Telefax: 0 61 05-768 33<br \/>E-Mail:\u00a0<a href=\"mailto:email@elektro-cezanne.de\">email(et)elektro-cezanne.de<\/a><\/p>\n<h2>\u00a0<\/h2>\n<h5>Registereintrag:<\/h5>\n<p>Eintragung im Handelsregister.<br \/>Registergericht:Amtsgericht Darmstadt<br \/>Registernummer: HRB 51527<\/p>\n<h2>\u00a0<\/h2>\n<h5>Umsatzsteuer:<\/h5>\n<p>Umsatzsteuer-Identifikationsnummer gem\u00e4\u00df \u00a727 a Umsatzsteuergesetz:<br \/>DE 111 62 60 33<\/p>\n<h2>\u00a0<\/h2>\n<h5>Verbraucherstreitbeilegung\/Universalschlichtungsstelle<\/h5>\n<p>Wir sind nicht bereit oder verpflichtet, an Streitbeilegungsverfahren vor einer Verbraucherschlichtungsstelle teilzunehmen.<\/p>\n<h3>\u00a0<\/h3>\n<h5>Haftung f\u00fcr Inhalte<\/h5>\n<p>Als Diensteanbieter sind wir gem\u00e4\u00df \u00a7 7 Abs.1 TMG f\u00fcr eigene Inhalte auf diesen Seiten nach den allgemeinen Gesetzen verantwortlich. Nach \u00a7\u00a7 8 bis 10 TMG sind wir als Diensteanbieter jedoch nicht verpflichtet, \u00fcbermittelte oder gespeicherte fremde Informationen zu \u00fcberwachen oder nach Umst\u00e4nden zu forschen, die auf eine rechtswidrige T\u00e4tigkeit hinweisen.<\/p>\n<p>Verpflichtungen zur Entfernung oder Sperrung der Nutzung von Informationen nach den allgemeinen Gesetzen bleiben hiervon unber\u00fchrt. Eine diesbez\u00fcgliche Haftung ist jedoch erst ab dem Zeitpunkt der Kenntnis einer konkreten Rechtsverletzung m\u00f6glich. Bei Bekanntwerden von entsprechenden Rechtsverletzungen werden wir diese Inhalte umgehend entfernen.<\/p>\n<h3>\u00a0<\/h3>\n<h5>Haftung f\u00fcr Links<\/h5>\n<p>Unser Angebot enth\u00e4lt Links zu externen Websites Dritter, auf deren Inhalte wir keinen Einfluss haben. Deshalb k\u00f6nnen wir f\u00fcr diese fremden Inhalte auch keine Gew\u00e4hr \u00fcbernehmen. F\u00fcr die Inhalte der verlinkten Seiten ist stets der jeweilige Anbieter oder Betreiber der Seiten verantwortlich. Die verlinkten Seiten wurden zum Zeitpunkt der Verlinkung auf m\u00f6gliche Rechtsverst\u00f6\u00dfe \u00fcberpr\u00fcft. Rechtswidrige Inhalte waren zum Zeitpunkt der Verlinkung nicht erkennbar.<\/p>\n<p>Eine permanente inhaltliche Kontrolle der verlinkten Seiten ist jedoch ohne konkrete Anhaltspunkte einer Rechtsverletzung nicht zumutbar. Bei Bekanntwerden von Rechtsverletzungen werden wir derartige Links umgehend entfernen.<\/p>\n<h3>\u00a0<\/h3>\n<h5>Urheberrecht<\/h5>\n<p>Die durch die Seitenbetreiber erstellten Inhalte und Werke auf diesen Seiten unterliegen dem deutschen Urheberrecht. Die Vervielf\u00e4ltigung, Bearbeitung, Verbreitung und jede Art der Verwertung au\u00dferhalb der Grenzen des Urheberrechtes bed\u00fcrfen der schriftlichen Zustimmung des jeweiligen Autors bzw. Erstellers. Downloads und Kopien dieser Seite sind nur f\u00fcr den privaten, nicht kommerziellen Gebrauch gestattet.<\/p>\n<p>Soweit die Inhalte auf dieser Seite nicht vom Betreiber erstellt wurden, werden die Urheberrechte Dritter beachtet. Insbesondere werden Inhalte Dritter als solche gekennzeichnet. Sollten Sie trotzdem auf eine Urheberrechtsverletzung aufmerksam werden, bitten wir um einen entsprechenden Hinweis. Bei Bekanntwerden von Rechtsverletzungen werden wir derartige Inhalte umgehend entfernen.<\/p>\n<p>&nbsp;<\/p>\n<hr \/>\n<p>&nbsp;<\/p>\n<h4><span class=\"textueberschriften12_grau\"><strong><br \/><\/strong><span style=\"color: #990200;\">Internet-Design + Realisierung (Urheber) by:<\/span><\/span><\/h4>\n<p>&nbsp;<\/p>\n<p><span class=\"textueberschriften12_grau\">OFF + ON I\u00a0<a href=\"http:\/\/www.off-und-on.de\/\" target=\"_blank\" rel=\"noopener noreferrer\">www.off-und-on.de<\/a>\u00a0I Andreas Guthke | Werbe-Design<\/span><\/p>\n<p>&nbsp;<\/p>\n<p><img loading=\"lazy\" decoding=\"async\" class=\"alignnone wp-image-210 size-thumbnail\" src=\"https:\/\/www.elektro-cezanne.de\/WP\/wp-content\/uploads\/2016\/08\/OO-Logo-2015-web-300px-150x150.jpg\" alt=\"\" width=\"150\" height=\"150\" title=\"\" srcset=\"https:\/\/www.elektro-cezanne.de\/WP\/wp-content\/uploads\/2016\/08\/OO-Logo-2015-web-300px-150x150.jpg 150w, https:\/\/www.elektro-cezanne.de\/WP\/wp-content\/uploads\/2016\/08\/OO-Logo-2015-web-300px.jpg 250w\" sizes=\"auto, (max-width: 150px) 100vw, 150px\" \/><\/p>\n<p>Alle Rechte vorbehalten. Kein Teil dieser Webseite darf ohne schriftliche Genehmigung des Urhebers in irgendeiner Form au\u00dfer durch Vervielf\u00e4ltigung im Internet reproduziert oder in eine von Maschinen, insbesondere von Datenverarbeitungsmaschinen, verwendbaren Sprache \u00fcbertragen oder \u00fcbersetzt werden. Die Wiedergabe von Warenbezeichnungen, Handelsnamen oder sonstigen Kennzeichen auf dieser Webseite berechtigt nicht zu der Annahme, dass diese von Jedermann frei ben\u00fctzt werden d\u00fcrfen. Vielmehr kann es sich auch um eingetragene oder sonstige gesetzlich gesch\u00fctzte Kennzeichen handeln, wenn sie eigens als solche markiert sind.<br \/>All rights reserved. No part of this website may be reproduced in any form excluding copying on the internet nor transmitted or translated into a machine language without written permission from the author. Tradenames, trademarks etc. used in this website even when not specially marked as such, may not be considered unprotected by law. \u00a9 2008-2022 Andreas Guthke<\/p>\n<p>&nbsp;<\/p>\n<hr \/>\n<h5><b><br \/><\/b>Fotos:<\/h5>\n<p>Sofern nicht anders angegeben, stammen die Fotos vom Foto-Atelier Ina Martella.<br \/><a target=\"_self\" rel=\"noopener noreferrer\">www.foto-atelier-ina.de<\/a><\/p>\n<p>bzw. Andreas Guthke \/ OFF+ON<\/p>\n<p>bzw. durch Lizenz von fotolia.de:<br \/>&#8211;\u00a0stromkabel kabel,\u00a0<a target=\"_self\" rel=\"noopener noreferrer\">Datei: #3086008 | Urheber: <\/a>Loop<\/p>\n<p>&nbsp;<\/p>\n<hr \/>\n<p>&nbsp;<\/p>\n<p>[\/et_pb_text][\/et_pb_column][\/et_pb_row][\/et_pb_section]<\/p>\n","protected":false},"excerpt":{"rendered":"<p>Impressum von elektro cezanne &nbsp; Angaben gem\u00e4\u00df \u00a7 5 TMG: elektro cezanne gmbhLangstra\u00dfe 2764546 M\u00f6rfelden-Walldorf \u00a0 Vertreten durch: Elektro Cezanne GmbHLangstra\u00dfe 2764546 M\u00f6rfelden-WalldorfVertretungsberechtigter Gesch\u00e4ftsf\u00fchrer: Frank Cezanne \u00a0 Kontakt: Telefon: 0 61 05-69 38Telefax: 0 61 05-768 33E-Mail:\u00a0email(et)elektro-cezanne.de \u00a0 Registereintrag: Eintragung im Handelsregister.Registergericht:Amtsgericht DarmstadtRegisternummer: HRB 51527 \u00a0 Umsatzsteuer: Umsatzsteuer-Identifikationsnummer gem\u00e4\u00df \u00a727 a Umsatzsteuergesetz:DE 111 62 60 [&hellip;]<\/p>\n","protected":false},"author":1,"featured_media":0,"parent":0,"menu_order":0,"comment_status":"closed","ping_status":"closed","template":"","meta":{"_et_pb_use_builder":"on","_et_pb_old_content":"<p>[vc_row][vc_column][vc_text_separator title=\"Impressum\" color=\"custom\" accent_color=\"#990200\"][\/vc_column][\/vc_row][vc_row][vc_column][vc_column_text]<\/p><h3><span style=\"color: #990200;\">Impressum<\/span><\/h3><h3><span style=\"color: #990200;\">Angaben gem\u00e4\u00df \u00a7 5 TMG:<\/span><\/h3><p>elektro cezanne gmbh<br \/>Langstra\u00dfe 27<br \/>64546 M\u00f6rfelden-Walldorf<\/p><h2>\u00a0<\/h2><h5>Vertreten durch:<\/h5><p>Elektro Cezanne GmbH<br \/>Langstra\u00dfe 27<br \/>64546 M\u00f6rfelden-Walldorf<br \/>Vertretungsberechtigter Gesch\u00e4ftsf\u00fchrer: Frank Cezanne<\/p><h3>\u00a0<\/h3><h5>Kontakt:<\/h5><p style=\"text-align: left;\">Telefon: 0 61 05-69 38<br \/>Telefax: 0 61 05-768 33<br \/>E-Mail:\u00a0<a href=\"mailto:email@elektro-cezanne.de\">email(et)elektro-cezanne.de<\/a><\/p><h2>\u00a0<\/h2><h5>Registereintrag:<\/h5><p>Eintragung im Handelsregister.<br \/>Registergericht:Amtsgericht Darmstadt<br \/>Registernummer: HRB 51527<\/p><h2>\u00a0<\/h2><h5>Umsatzsteuer:<\/h5><p>Umsatzsteuer-Identifikationsnummer gem\u00e4\u00df \u00a727 a Umsatzsteuergesetz:<br \/>DE 111 62 60 33<\/p><h2>\u00a0<\/h2><h5>Streitschlichtung<\/h5><p>Die Europ\u00e4ische Kommission stellt eine Plattform zur Online-Streitbeilegung (OS) bereit: <a href=\"https:\/\/ec.europa.eu\/consumers\/odr\" target=\"_blank\" rel=\"noopener noreferrer\">https:\/\/ec.europa.eu\/consumers\/odr<\/a>.<br \/>Unsere E-Mail-Adresse finden Sie oben im Impressum.<\/p><p>Wir sind nicht bereit oder verpflichtet, an Streitbeilegungsverfahren vor einer Verbraucherschlichtungsstelle teilzunehmen.<\/p><h3>\u00a0<\/h3><h5>Haftung f\u00fcr Inhalte<\/h5><p>Als Diensteanbieter sind wir gem\u00e4\u00df \u00a7 7 Abs.1 TMG f\u00fcr eigene Inhalte auf diesen Seiten nach den allgemeinen Gesetzen verantwortlich. Nach \u00a7\u00a7 8 bis 10 TMG sind wir als Diensteanbieter jedoch nicht verpflichtet, \u00fcbermittelte oder gespeicherte fremde Informationen zu \u00fcberwachen oder nach Umst\u00e4nden zu forschen, die auf eine rechtswidrige T\u00e4tigkeit hinweisen.<\/p><p>Verpflichtungen zur Entfernung oder Sperrung der Nutzung von Informationen nach den allgemeinen Gesetzen bleiben hiervon unber\u00fchrt. Eine diesbez\u00fcgliche Haftung ist jedoch erst ab dem Zeitpunkt der Kenntnis einer konkreten Rechtsverletzung m\u00f6glich. Bei Bekanntwerden von entsprechenden Rechtsverletzungen werden wir diese Inhalte umgehend entfernen.<\/p><h3>\u00a0<\/h3><h5>Haftung f\u00fcr Links<\/h5><p>Unser Angebot enth\u00e4lt Links zu externen Websites Dritter, auf deren Inhalte wir keinen Einfluss haben. Deshalb k\u00f6nnen wir f\u00fcr diese fremden Inhalte auch keine Gew\u00e4hr \u00fcbernehmen. F\u00fcr die Inhalte der verlinkten Seiten ist stets der jeweilige Anbieter oder Betreiber der Seiten verantwortlich. Die verlinkten Seiten wurden zum Zeitpunkt der Verlinkung auf m\u00f6gliche Rechtsverst\u00f6\u00dfe \u00fcberpr\u00fcft. Rechtswidrige Inhalte waren zum Zeitpunkt der Verlinkung nicht erkennbar.<\/p><p>Eine permanente inhaltliche Kontrolle der verlinkten Seiten ist jedoch ohne konkrete Anhaltspunkte einer Rechtsverletzung nicht zumutbar. Bei Bekanntwerden von Rechtsverletzungen werden wir derartige Links umgehend entfernen.<\/p><h3>\u00a0<\/h3><h5>Urheberrecht<\/h5><p>Die durch die Seitenbetreiber erstellten Inhalte und Werke auf diesen Seiten unterliegen dem deutschen Urheberrecht. Die Vervielf\u00e4ltigung, Bearbeitung, Verbreitung und jede Art der Verwertung au\u00dferhalb der Grenzen des Urheberrechtes bed\u00fcrfen der schriftlichen Zustimmung des jeweiligen Autors bzw. Erstellers. Downloads und Kopien dieser Seite sind nur f\u00fcr den privaten, nicht kommerziellen Gebrauch gestattet.<\/p><p>Soweit die Inhalte auf dieser Seite nicht vom Betreiber erstellt wurden, werden die Urheberrechte Dritter beachtet. Insbesondere werden Inhalte Dritter als solche gekennzeichnet. Sollten Sie trotzdem auf eine Urheberrechtsverletzung aufmerksam werden, bitten wir um einen entsprechenden Hinweis. Bei Bekanntwerden von Rechtsverletzungen werden wir derartige Inhalte umgehend entfernen.<\/p><p>\u00a0<\/p><hr \/><p>\u00a0<\/p><h4><span class=\"textueberschriften12_grau\"><strong><br \/><\/strong><span style=\"color: #990200;\">Internet-Design + Realisierung (Urheber) by:<\/span><\/span><\/h4><p>\u00a0<\/p><p><span class=\"textueberschriften12_grau\">OFF + ON I\u00a0<a href=\"http:\/\/www.off-und-on.de\/\" target=\"_blank\" rel=\"noopener noreferrer\">www.off-und-on.de<\/a>\u00a0I Andreas Guthke | Werbe-Design<\/span><\/p><p>\u00a0<\/p><p><img class=\"alignnone wp-image-210 size-thumbnail\" src=\"https:\/\/www.elektro-cezanne.de\/WP\/wp-content\/uploads\/2016\/08\/OO-Logo-2015-web-300px-150x150.jpg\" alt=\"\" width=\"150\" height=\"150\" \/><\/p><p>Alle Rechte vorbehalten. Kein Teil dieser Webseite darf ohne schriftliche Genehmigung des Urhebers in irgendeiner Form au\u00dfer durch Vervielf\u00e4ltigung im Internet reproduziert oder in eine von Maschinen, insbesondere von Datenverarbeitungsmaschinen, verwendbaren Sprache \u00fcbertragen oder \u00fcbersetzt werden. Die Wiedergabe von Warenbezeichnungen, Handelsnamen oder sonstigen Kennzeichen auf dieser Webseite berechtigt nicht zu der Annahme, dass diese von Jedermann frei ben\u00fctzt werden d\u00fcrfen. Vielmehr kann es sich auch um eingetragene oder sonstige gesetzlich gesch\u00fctzte Kennzeichen handeln, wenn sie eigens als solche markiert sind.<br \/>All rights reserved. No part of this website may be reproduced in any form excluding copying on the internet nor transmitted or translated into a machine language without written permission from the author. Tradenames, trademarks etc. used in this website even when not specially marked as such, may not be considered unprotected by law. \u00a9 2008-2021 Andreas Guthke<\/p><p>\u00a0<\/p><hr \/><h5><b><br \/><\/b>Fotos:<\/h5><p>Sofern nicht anders angegeben, stammen die Fotos vom Foto-Atelier Ina Martella.<br \/><a target=\"_self\" rel=\"noopener noreferrer\">www.foto-atelier-ina.de<\/a><\/p><p>bzw. Andreas Guthke \/ OFF+ON<\/p><p>bzw. durch Lizenz von fotolia.de:<br \/>-\u00a0stromkabel kabel,\u00a0<a target=\"_self\" rel=\"noopener noreferrer\">Datei: #3086008 | Urheber: <\/a>Loop<\/p><p>\u00a0<\/p><hr \/><p>[\/vc_column_text][\/vc_column][\/vc_row]<\/p>","_et_gb_content_width":"","footnotes":""},"class_list":["post-6","page","type-page","status-publish","hentry"],"_links":{"self":[{"href":"https:\/\/www.elektro-cezanne.de\/WP\/wp-json\/wp\/v2\/pages\/6","targetHints":{"allow":["GET"]}}],"collection":[{"href":"https:\/\/www.elektro-cezanne.de\/WP\/wp-json\/wp\/v2\/pages"}],"about":[{"href":"https:\/\/www.elektro-cezanne.de\/WP\/wp-json\/wp\/v2\/types\/page"}],"author":[{"embeddable":true,"href":"https:\/\/www.elektro-cezanne.de\/WP\/wp-json\/wp\/v2\/users\/1"}],"replies":[{"embeddable":true,"href":"https:\/\/www.elektro-cezanne.de\/WP\/wp-json\/wp\/v2\/comments?post=6"}],"version-history":[{"count":20,"href":"https:\/\/www.elektro-cezanne.de\/WP\/wp-json\/wp\/v2\/pages\/6\/revisions"}],"predecessor-version":[{"id":531,"href":"https:\/\/www.elektro-cezanne.de\/WP\/wp-json\/wp\/v2\/pages\/6\/revisions\/531"}],"wp:attachment":[{"href":"https:\/\/www.elektro-cezanne.de\/WP\/wp-json\/wp\/v2\/media?parent=6"}],"curies":[{"name":"wp","href":"https:\/\/api.w.org\/{rel}","templated":true}]}}