{"id":2,"date":"2016-08-08T17:19:58","date_gmt":"2016-08-08T15:19:58","guid":{"rendered":"http:\/\/www.elektro-cezanne.de\/WP\/?page_id=2"},"modified":"2026-04-10T08:50:42","modified_gmt":"2026-04-10T06:50:42","slug":"beispiel-seite","status":"publish","type":"page","link":"https:\/\/www.elektro-cezanne.de\/WP\/","title":{"rendered":"Start"},"content":{"rendered":"<p>[et_pb_section fb_built=&#8220;1&#8243; _builder_version=&#8220;4.18.0&#8243; custom_margin=&#8220;0px||0px||false|false&#8220; custom_padding=&#8220;0px||0px||false|false&#8220; global_colors_info=&#8220;{}&#8220;][et_pb_row _builder_version=&#8220;4.16&#8243; background_size=&#8220;initial&#8220; background_position=&#8220;top_left&#8220; background_repeat=&#8220;repeat&#8220; global_colors_info=&#8220;{}&#8220;][et_pb_column type=&#8220;4_4&#8243; _builder_version=&#8220;4.16&#8243; custom_padding=&#8220;|||&#8220; global_colors_info=&#8220;{}&#8220; custom_padding__hover=&#8220;|||&#8220;][et_pb_image src=&#8220;https:\/\/www.elektro-cezanne.de\/WP\/wp-content\/uploads\/2022\/08\/ec-wappen-22-sw-web.jpg&#8220; alt=&#8220;elektro cezanne ist Ihr Partner f\u00fcr Miele &#038; Produkte f\u00fcr die Energieversorgung, Umwelt-, Sicherheits-, Beleuchtungs- und Haushaltstechnik.&#8220; title_text=&#8220;elektro cezanne ist Ihr Partner f\u00fcr Miele &#038; Produkte f\u00fcr die Energieversorgung, Umwelt-, Sicherheits-, Beleuchtungs- und Haushaltstechnik.&#8220; align=&#8220;center&#8220; _builder_version=&#8220;4.18.0&#8243; _module_preset=&#8220;default&#8220; global_colors_info=&#8220;{}&#8220;][\/et_pb_image][\/et_pb_column][\/et_pb_row][\/et_pb_section][et_pb_section fb_built=&#8220;1&#8243; specialty=&#8220;on&#8220; _builder_version=&#8220;4.18.0&#8243; _module_preset=&#8220;default&#8220; custom_margin=&#8220;0px||||false|false&#8220; global_colors_info=&#8220;{}&#8220;][et_pb_column type=&#8220;1_3&#8243; _builder_version=&#8220;4.16&#8243; custom_padding=&#8220;|||&#8220; global_colors_info=&#8220;{}&#8220; custom_padding__hover=&#8220;|||&#8220;][et_pb_image src=&#8220;https:\/\/www.elektro-cezanne.de\/WP\/wp-content\/uploads\/2019\/02\/ec-homeslider-p1-19.jpg&#8220; alt=&#8220;elektro cezanne ist Ihr Partner f\u00fcr Miele &#038; Produkte f\u00fcr die Energieversorgung, Umwelt-, Sicherheits-, Beleuchtungs- und Haushaltstechnik.&#8220; title_text=&#8220;elektro cezanne ist Ihr Partner f\u00fcr Miele &#038; Produkte f\u00fcr die Energieversorgung, Umwelt-, Sicherheits-, Beleuchtungs- und Haushaltstechnik.&#8220; _builder_version=&#8220;4.18.0&#8243; _module_preset=&#8220;default&#8220; box_shadow_style=&#8220;preset3&#8243; global_colors_info=&#8220;{}&#8220;][\/et_pb_image][\/et_pb_column][et_pb_column type=&#8220;2_3&#8243; specialty_columns=&#8220;2&#8243; _builder_version=&#8220;4.16&#8243; custom_padding=&#8220;|||&#8220; global_colors_info=&#8220;{}&#8220; custom_padding__hover=&#8220;|||&#8220;][et_pb_row_inner _builder_version=&#8220;4.18.0&#8243; _module_preset=&#8220;default&#8220; global_colors_info=&#8220;{}&#8220;][et_pb_column_inner saved_specialty_column_type=&#8220;2_3&#8243; _builder_version=&#8220;4.18.0&#8243; _module_preset=&#8220;default&#8220; global_colors_info=&#8220;{}&#8220;][et_pb_text _builder_version=&#8220;4.18.0&#8243; _module_preset=&#8220;default&#8220; text_text_color=&#8220;#FFFFFF&#8220; text_font_size=&#8220;15px&#8220; header_text_color=&#8220;#FFFFFF&#8220; header_font_size=&#8220;24px&#8220; header_line_height=&#8220;1.2em&#8220; header_2_text_color=&#8220;#FFFFFF&#8220; header_2_font_size=&#8220;20px&#8220; header_2_line_height=&#8220;1.1em&#8220; header_6_text_color=&#8220;#FFFFFF&#8220; header_6_font_size=&#8220;16px&#8220; header_6_line_height=&#8220;1.1em&#8220; background_color=&#8220;#990000&#8243; custom_padding=&#8220;25px|10px|25px|10px|false|false&#8220; header_font_size_tablet=&#8220;24px&#8220; header_font_size_phone=&#8220;22px&#8220; header_font_size_last_edited=&#8220;on|desktop&#8220; header_2_font_size_tablet=&#8220;20px&#8220; header_2_font_size_phone=&#8220;20px&#8220; header_2_font_size_last_edited=&#8220;on|phone&#8220; box_shadow_style=&#8220;preset3&#8243; global_colors_info=&#8220;{}&#8220;]<\/p>\n<div class=\"wpb_text_column wpb_content_element \">\n<div class=\"wpb_wrapper\">\n<h1>Die elektro cezanne gmbh in M\u00f6rfelden-Walldorf ist Ihr Partner\u00a0f\u00fcr moderne\u00a0Elektro-Technik.<\/h1>\n<h2>elektro cezanne ist Miele Classic- und Exklusiv-Vertragspartner.<\/h2>\n<p>&nbsp;<\/p>\n<p>Sie finden bei uns innovative Produkte aus den Bereichen Energieversorgung, Umwelt-, Sicherheits-, Beleuchtungs- und Haushaltstechnik.<\/p>\n<p>Dar\u00fcber hinaus veranstalten wir f\u00fcr Sie in unseren Wohlf\u00fchlwelten ungew\u00f6hnliche Koch-Events und bieten Ihnen ein modernes Ambiente\u00a0f\u00fcr individuelle Events.<\/p>\n<p>Seit 44 Jahren sind wir im Rhein-Main-Gebiet f\u00fcr Sie t\u00e4tig und\u00a0garantieren Ihnen dank dieser langj\u00e4hrigen Erfahrung beste Qualit\u00e4t\u00a0unserer Produkte als auch unseren Dienstleistungen.<br \/><b><\/b><\/p>\n<p>&nbsp;<\/p>\n<h6>Setzen Sie sich einfach mit uns in Verbindung,\u00a0wir beraten Sie gerne!<\/h6>\n<\/div>\n<\/div>\n<p>[\/et_pb_text][\/et_pb_column_inner][\/et_pb_row_inner][et_pb_row_inner column_structure=&#8220;1_3,1_3,1_3&#8243; _builder_version=&#8220;4.18.0&#8243; _module_preset=&#8220;default&#8220; global_colors_info=&#8220;{}&#8220;][et_pb_column_inner type=&#8220;1_3&#8243; saved_specialty_column_type=&#8220;2_3&#8243; _builder_version=&#8220;4.18.0&#8243; _module_preset=&#8220;default&#8220; global_colors_info=&#8220;{}&#8220;][et_pb_blurb title=&#8220;Adresse&#8220; use_icon=&#8220;on&#8220; font_icon=&#8220;&#xf3c5;||fa||900&#8243; image_icon_width=&#8220;24px&#8220; icon_alignment=&#8220;left&#8220; _builder_version=&#8220;4.18.0&#8243; _module_preset=&#8220;default&#8220; global_colors_info=&#8220;{}&#8220;]<\/p>\n<p>Langstra\u00dfe 27, <br \/>64546 M\u00f6rfelden-Walldorf<\/p>\n<p>[\/et_pb_blurb][\/et_pb_column_inner][et_pb_column_inner type=&#8220;1_3&#8243; saved_specialty_column_type=&#8220;2_3&#8243; _builder_version=&#8220;4.18.0&#8243; _module_preset=&#8220;default&#8220; global_colors_info=&#8220;{}&#8220;][et_pb_blurb title=&#8220;Telefon&#8220; use_icon=&#8220;on&#8220; font_icon=&#8220;&#xf879;||fa||900&#8243; image_icon_width=&#8220;24px&#8220; icon_alignment=&#8220;left&#8220; _builder_version=&#8220;4.18.0&#8243; _module_preset=&#8220;default&#8220; global_colors_info=&#8220;{}&#8220;]<\/p>\n<p>0 61 05 69 38<\/p>\n<p>[\/et_pb_blurb][\/et_pb_column_inner][et_pb_column_inner type=&#8220;1_3&#8243; saved_specialty_column_type=&#8220;2_3&#8243; _builder_version=&#8220;4.18.0&#8243; _module_preset=&#8220;default&#8220; global_colors_info=&#8220;{}&#8220;][et_pb_blurb title=&#8220;E-Mail&#8220; use_icon=&#8220;on&#8220; font_icon=&#8220;&#xf0e0;||fa||900&#8243; image_icon_width=&#8220;24px&#8220; icon_alignment=&#8220;left&#8220; _builder_version=&#8220;4.18.0&#8243; _module_preset=&#8220;default&#8220; global_colors_info=&#8220;{}&#8220;]<\/p>\n<p><a href=\"mailto:email@elektro-cezanne.de\">email@elektro-cezanne.de<\/a><\/p>\n<p>[\/et_pb_blurb][\/et_pb_column_inner][\/et_pb_row_inner][\/et_pb_column][\/et_pb_section][et_pb_section fb_built=&#8220;1&#8243; _builder_version=&#8220;4.18.0&#8243; _module_preset=&#8220;default&#8220; custom_margin=&#8220;0px||||false|false&#8220; global_colors_info=&#8220;{}&#8220;][et_pb_row _builder_version=&#8220;4.18.0&#8243; _module_preset=&#8220;default&#8220; global_colors_info=&#8220;{}&#8220;][et_pb_column type=&#8220;4_4&#8243; _builder_version=&#8220;4.18.0&#8243; _module_preset=&#8220;default&#8220; global_colors_info=&#8220;{}&#8220;][et_pb_slider show_arrows=&#8220;off&#8220; _builder_version=&#8220;4.18.0&#8243; _module_preset=&#8220;default&#8220; animation_style=&#8220;fade&#8220; auto=&#8220;on&#8220; auto_ignore_hover=&#8220;on&#8220; box_shadow_style=&#8220;preset3&#8243; global_colors_info=&#8220;{}&#8220;][et_pb_slide _builder_version=&#8220;4.18.0&#8243; _module_preset=&#8220;default&#8220; background_image=&#8220;https:\/\/www.elektro-cezanne.de\/WP\/wp-content\/uploads\/2019\/02\/ec-19-slider-p1.jpg&#8220; background_enable_image=&#8220;on&#8220; global_colors_info=&#8220;{}&#8220; sticky_transition=&#8220;on&#8220;][\/et_pb_slide][et_pb_slide _builder_version=&#8220;4.18.0&#8243; _module_preset=&#8220;default&#8220; background_image=&#8220;https:\/\/www.elektro-cezanne.de\/WP\/wp-content\/uploads\/2021\/05\/ec-slider-5-2021-start.jpg&#8220; background_enable_image=&#8220;on&#8220; global_colors_info=&#8220;{}&#8220; sticky_transition=&#8220;on&#8220;][\/et_pb_slide][et_pb_slide _builder_version=&#8220;4.18.0&#8243; _module_preset=&#8220;default&#8220; background_image=&#8220;https:\/\/www.elektro-cezanne.de\/WP\/wp-content\/uploads\/2021\/05\/ec-slider-5-2021-aktuelles.jpg&#8220; background_enable_image=&#8220;on&#8220; global_colors_info=&#8220;{}&#8220; sticky_transition=&#8220;on&#8220;][\/et_pb_slide][et_pb_slide _builder_version=&#8220;4.18.0&#8243; _module_preset=&#8220;default&#8220; background_image=&#8220;https:\/\/www.elektro-cezanne.de\/WP\/wp-content\/uploads\/2019\/02\/ec-19-slider-p3.jpg&#8220; background_enable_image=&#8220;on&#8220; global_colors_info=&#8220;{}&#8220; sticky_transition=&#8220;on&#8220;][\/et_pb_slide][et_pb_slide _builder_version=&#8220;4.18.0&#8243; _module_preset=&#8220;default&#8220; background_image=&#8220;https:\/\/www.elektro-cezanne.de\/WP\/wp-content\/uploads\/2019\/02\/ec-19-slider-p2.jpg&#8220; background_enable_image=&#8220;on&#8220; global_colors_info=&#8220;{}&#8220; sticky_transition=&#8220;on&#8220;][\/et_pb_slide][\/et_pb_slider][\/et_pb_column][\/et_pb_row][et_pb_row _builder_version=&#8220;4.18.0&#8243; _module_preset=&#8220;default&#8220; global_colors_info=&#8220;{}&#8220;][et_pb_column type=&#8220;4_4&#8243; _builder_version=&#8220;4.18.0&#8243; _module_preset=&#8220;default&#8220; global_colors_info=&#8220;{}&#8220;][et_pb_divider _builder_version=&#8220;4.18.0&#8243; _module_preset=&#8220;default&#8220; global_colors_info=&#8220;{}&#8220;][\/et_pb_divider][et_pb_text admin_label=&#8220;Aktuelles&#8220; _builder_version=&#8220;4.18.0&#8243; _module_preset=&#8220;default&#8220; header_text_align=&#8220;center&#8220; header_text_color=&#8220;#990000&#8243; header_4_text_color=&#8220;#990000&#8243; header_4_font_size=&#8220;30px&#8220; hover_enabled=&#8220;0&#8243; header_font_size_tablet=&#8220;&#8220; header_font_size_phone=&#8220;22px&#8220; header_font_size_last_edited=&#8220;on|phone&#8220; header_4_font_size_tablet=&#8220;24px&#8220; header_4_font_size_phone=&#8220;22px&#8220; header_4_font_size_last_edited=&#8220;on|desktop&#8220; global_colors_info=&#8220;{}&#8220; sticky_enabled=&#8220;0&#8243;]<\/p>\n<h4 style=\"text-align: center;\">AKTUELLES<\/h4>\n<p>[\/et_pb_text][\/et_pb_column][\/et_pb_row][\/et_pb_section][et_pb_section fb_built=&#8220;1&#8243; _builder_version=&#8220;4.18.0&#8243; _module_preset=&#8220;default&#8220; background_color=&#8220;#990000&#8243; global_colors_info=&#8220;{}&#8220;][et_pb_row _builder_version=&#8220;4.18.0&#8243; _module_preset=&#8220;default&#8220; global_colors_info=&#8220;{}&#8220;][et_pb_column type=&#8220;4_4&#8243; _builder_version=&#8220;4.18.0&#8243; _module_preset=&#8220;default&#8220; global_colors_info=&#8220;{}&#8220;][et_pb_text _builder_version=&#8220;4.18.0&#8243; _dynamic_attributes=&#8220;link_option_url&#8220; _module_preset=&#8220;default&#8220; text_text_color=&#8220;#FFFFFF&#8220; text_font_size=&#8220;18px&#8220; link_option_url=&#8220;@ET-DC@eyJkeW5hbWljIjp0cnVlLCJjb250ZW50IjoicG9zdF9saW5rX3VybF9wYWdlIiwic2V0dGluZ3MiOnsicG9zdF9pZCI6IjE1In19@&#8220; hover_enabled=&#8220;0&#8243; global_colors_info=&#8220;{}&#8220; sticky_enabled=&#8220;0&#8243;]<\/p>\n<div class=\"wpb_text_column wpb_content_element \">\n<div class=\"wpb_wrapper\">\n<p style=\"font-weight: 400; text-align: center;\">Angrillen mit dem neuen <strong>MIELE-Grill<\/strong> in der Outdoor-Kitchen am 22.05.2026, 17-20 Uhr.<\/p>\n<\/div>\n<\/div>\n<p>[\/et_pb_text][\/et_pb_column][\/et_pb_row][\/et_pb_section][et_pb_section fb_built=&#8220;1&#8243; _builder_version=&#8220;4.18.0&#8243; _module_preset=&#8220;default&#8220; global_colors_info=&#8220;{}&#8220;][et_pb_row _builder_version=&#8220;4.18.0&#8243; _module_preset=&#8220;default&#8220; global_colors_info=&#8220;{}&#8220;][et_pb_column type=&#8220;4_4&#8243; _builder_version=&#8220;4.18.0&#8243; _module_preset=&#8220;default&#8220; global_colors_info=&#8220;{}&#8220;][et_pb_divider _builder_version=&#8220;4.18.0&#8243; _module_preset=&#8220;default&#8220; global_colors_info=&#8220;{}&#8220;][\/et_pb_divider][et_pb_text admin_label=&#8220;UNSER IMAGE-VIDEO&#8220; _builder_version=&#8220;4.18.0&#8243; _module_preset=&#8220;default&#8220; header_text_align=&#8220;center&#8220; header_text_color=&#8220;#990000&#8243; header_4_text_color=&#8220;#990000&#8243; header_4_font_size=&#8220;30px&#8220; header_font_size_tablet=&#8220;&#8220; header_font_size_phone=&#8220;22px&#8220; header_font_size_last_edited=&#8220;on|desktop&#8220; header_4_font_size_tablet=&#8220;24px&#8220; header_4_font_size_phone=&#8220;22px&#8220; header_4_font_size_last_edited=&#8220;on|desktop&#8220; global_colors_info=&#8220;{}&#8220;]<\/p>\n<h4 style=\"text-align: center;\">UNSER IMAGE-VIDEO<\/h4>\n<p>[\/et_pb_text][\/et_pb_column][\/et_pb_row][et_pb_row _builder_version=&#8220;4.18.0&#8243; _module_preset=&#8220;default&#8220; global_colors_info=&#8220;{}&#8220;][et_pb_column type=&#8220;4_4&#8243; _builder_version=&#8220;4.18.0&#8243; _module_preset=&#8220;default&#8220; global_colors_info=&#8220;{}&#8220;][et_pb_code _builder_version=&#8220;4.18.0&#8243; _module_preset=&#8220;default&#8220; global_colors_info=&#8220;{}&#8220;] <\/p>\n<div class=\"brlbs-cmpnt-container brlbs-cmpnt-content-blocker brlbs-cmpnt-with-individual-styles\" data-borlabs-cookie-content-blocker-id=\"youtube-content-blocker\" data-borlabs-cookie-content=\"PGlmcmFtZSB3aWR0aD0iODYwIiBoZWlnaHQ9IjYxNSIgc3JjPSJodHRwczovL3d3dy55b3V0dWJlLW5vY29va2llLmNvbS9lbWJlZC9XZHpGWU1udE4tQT9zdGFydD0zIiB0aXRsZT0iWW91VHViZSB2aWRlbyBwbGF5ZXIiIGZyYW1lYm9yZGVyPSIwIiBhbGxvdz0iYWNjZWxlcm9tZXRlcjsgYXV0b3BsYXk7IGNsaXBib2FyZC13cml0ZTsgZW5jcnlwdGVkLW1lZGlhOyBneXJvc2NvcGU7IHBpY3R1cmUtaW4tcGljdHVyZSIgYWxsb3dmdWxsc2NyZWVuPjwvaWZyYW1lPg==\">\n<div class=\"brlbs-cmpnt-cb-preset-c brlbs-cmpnt-cb-youtube\">\n<div class=\"brlbs-cmpnt-cb-thumbnail\" style=\"background-image: url('https:\/\/www.elektro-cezanne.de\/WP\/wp-content\/uploads\/borlabs-cookie\/1\/yt_WdzFYMntN-A_hqdefault.jpg')\"><\/div>\n<div class=\"brlbs-cmpnt-cb-main\">\n<div class=\"brlbs-cmpnt-cb-play-button\"><\/div>\n<div class=\"brlbs-cmpnt-cb-content\">\n<p class=\"brlbs-cmpnt-cb-description\">Sie sehen gerade einen Platzhalterinhalt von <strong>YouTube<\/strong>. Um auf den eigentlichen Inhalt zuzugreifen, klicken Sie auf die Schaltfl\u00e4che unten. Bitte beachten Sie, dass dabei Daten an Drittanbieter weitergegeben werden.<\/p>\n<p> <a class=\"brlbs-cmpnt-cb-provider-toggle\" href=\"#\" data-borlabs-cookie-show-provider-information role=\"button\">Mehr Informationen<\/a> <\/div>\n<div class=\"brlbs-cmpnt-cb-buttons\"> <a class=\"brlbs-cmpnt-cb-btn\" href=\"#\" data-borlabs-cookie-unblock role=\"button\">Inhalt entsperren<\/a> <a class=\"brlbs-cmpnt-cb-btn\" href=\"#\" data-borlabs-cookie-accept-service role=\"button\" style=\"display: inherit\">Erforderlichen Service akzeptieren und Inhalte entsperren<\/a> <\/div>\n<\/p><\/div>\n<\/p><\/div>\n<\/div>\n<p>[\/et_pb_code][et_pb_text _builder_version=&#8220;4.18.0&#8243; _module_preset=&#8220;default&#8220; text_orientation=&#8220;center&#8220; global_colors_info=&#8220;{}&#8220;]<\/p>\n<p style=\"text-align: center;\">Quelle:<br \/>Film: jakaliti GmbH<br \/>Musik:\u00a0<a href=\"http:\/\/ccmixter.org\/files\/AlexBeroza\/27099\" target=\"_blank\" rel=\"noopener noreferrer\">Alex Beroza<\/a>\u00a0\u2013 Tell Somebody, 2010 \u2013\u00a0<a href=\"http:\/\/creativecommons.org\/licenses\/by\/3.0\/\" target=\"_blank\" rel=\"noopener noreferrer\">Licensed under Creative Commons Attribution 3.0<\/a><\/p>\n<p>[\/et_pb_text][\/et_pb_column][\/et_pb_row][et_pb_row _builder_version=&#8220;4.18.0&#8243; _module_preset=&#8220;default&#8220; global_colors_info=&#8220;{}&#8220;][et_pb_column type=&#8220;4_4&#8243; _builder_version=&#8220;4.18.0&#8243; _module_preset=&#8220;default&#8220; global_colors_info=&#8220;{}&#8220;][et_pb_divider _builder_version=&#8220;4.18.0&#8243; _module_preset=&#8220;default&#8220; global_colors_info=&#8220;{}&#8220;][\/et_pb_divider][et_pb_text admin_label=&#8220;SO FINDEN SIE UNS GANZ EINFACH&#8220; _builder_version=&#8220;4.18.0&#8243; _module_preset=&#8220;default&#8220; header_text_align=&#8220;center&#8220; header_text_color=&#8220;#990000&#8243; header_3_text_color=&#8220;#990000&#8243; header_3_font_size=&#8220;30px&#8220; header_font_size_tablet=&#8220;&#8220; header_font_size_phone=&#8220;22px&#8220; header_font_size_last_edited=&#8220;on|desktop&#8220; header_3_font_size_tablet=&#8220;24px&#8220; header_3_font_size_phone=&#8220;22px&#8220; header_3_font_size_last_edited=&#8220;on|desktop&#8220; global_colors_info=&#8220;{}&#8220;]<\/p>\n<h3 style=\"text-align: center;\">SO FINDEN SIE UNS GANZ EINFACH<\/h3>\n<p>[\/et_pb_text][et_pb_code _builder_version=&#8220;4.18.0&#8243; _module_preset=&#8220;default&#8220; global_colors_info=&#8220;{}&#8220;] <\/p>\n<div class=\"brlbs-cmpnt-container brlbs-cmpnt-content-blocker brlbs-cmpnt-with-individual-styles\" data-borlabs-cookie-content-blocker-id=\"google-maps\" data-borlabs-cookie-content=\"PGlmcmFtZSBzcmM9Imh0dHBzOi8vd3d3Lmdvb2dsZS5jb20vbWFwcy9lbWJlZD9wYj0hMW0xNCExbTghMW0zITFkMjA1MTYuMzI5NDQ5ODE4MTE3ITJkOC41Nzc1NjEwMDAwMDAwMDEhM2Q1MC4wMDEyMTEhM20yITFpMTAyNCEyaTc2OCE0ZjEzLjEhM20zITFtMiExczB4MCUzQTB4NTFlYWFhODAwODg2Yzc4NyEyc0VsZWt0cm8lMjBDZXphbm5lJTIwR21iSCE1ZTAhM20yITFzZGUhMnNkZSE0djE2NjE1MDg2MjE1NjchNW0yITFzZGUhMnNkZSIgd2lkdGg9IjEwMCUiIGhlaWdodD0iNDUwIiBzdHlsZT0iYm9yZGVyOjA7IiBhbGxvd2Z1bGxzY3JlZW49IiIgbG9hZGluZz0ibGF6eSIgcmVmZXJyZXJwb2xpY3k9Im5vLXJlZmVycmVyLXdoZW4tZG93bmdyYWRlIj48L2lmcmFtZT4=\">\n<div class=\"brlbs-cmpnt-cb-preset-b brlbs-cmpnt-cb-google-maps\">\n<div class=\"brlbs-cmpnt-cb-thumbnail\" style=\"background-image: url('https:\/\/www.elektro-cezanne.de\/WP\/wp-content\/uploads\/borlabs-cookie\/1\/brlbs-cb-google-maps-main.png')\"><\/div>\n<div class=\"brlbs-cmpnt-cb-main\">\n<div class=\"brlbs-cmpnt-cb-content\">\n<p class=\"brlbs-cmpnt-cb-description\">Sie sehen gerade einen Platzhalterinhalt von <strong>Google Maps<\/strong>. Um auf den eigentlichen Inhalt zuzugreifen, klicken Sie auf die Schaltfl\u00e4che unten. Bitte beachten Sie, dass dabei Daten an Drittanbieter weitergegeben werden.<\/p>\n<p> <a class=\"brlbs-cmpnt-cb-provider-toggle\" href=\"#\" data-borlabs-cookie-show-provider-information role=\"button\">Mehr Informationen<\/a> <\/div>\n<div class=\"brlbs-cmpnt-cb-buttons\"> <a class=\"brlbs-cmpnt-cb-btn\" href=\"#\" data-borlabs-cookie-unblock role=\"button\">Inhalt entsperren<\/a> <a class=\"brlbs-cmpnt-cb-btn\" href=\"#\" data-borlabs-cookie-accept-service role=\"button\" style=\"display: inherit\">Erforderlichen Service akzeptieren und Inhalte entsperren<\/a> <\/div>\n<\/p><\/div>\n<\/p><\/div>\n<\/div>\n<p>[\/et_pb_code][\/et_pb_column][\/et_pb_row][\/et_pb_section]<\/p>\n","protected":false},"excerpt":{"rendered":"<p>Die elektro cezanne gmbh in M\u00f6rfelden-Walldorf ist Ihr Partner\u00a0f\u00fcr moderne\u00a0Elektro-Technik. elektro cezanne ist Miele Classic- und Exklusiv-Vertragspartner. &nbsp; Sie finden bei uns innovative Produkte aus den Bereichen Energieversorgung, Umwelt-, Sicherheits-, Beleuchtungs- und Haushaltstechnik. Dar\u00fcber hinaus veranstalten wir f\u00fcr Sie in unseren Wohlf\u00fchlwelten ungew\u00f6hnliche Koch-Events und bieten Ihnen ein modernes Ambiente\u00a0f\u00fcr individuelle Events. Seit 44 Jahren [&hellip;]<\/p>\n","protected":false},"author":1,"featured_media":0,"parent":0,"menu_order":0,"comment_status":"closed","ping_status":"closed","template":"","meta":{"_et_pb_use_builder":"on","_et_pb_old_content":"<p>[vc_row][vc_column][vc_single_image image=\"47\" img_size=\"full\" alignment=\"center\" css_animation=\"appear\"][\/vc_column][\/vc_row][vc_row css=\".vc_custom_1471179230835{background-color: #990100 !important;}\"][vc_column width=\"1\/4\" offset=\"vc_hidden-xs\"][layerslider_vc id=\"11\"][\/vc_column][vc_column width=\"3\/4\"][sc_fullwidth background_color=\"#990100\"][\/sc_fullwidth][vc_column_text]<\/p><p style=\"text-align: center;\"><span style=\"color: #ffffff;\">Die elektro cezanne gmbh in M\u00f6rfelden-Walldorf ist Ihr Partner\u00a0f\u00fcr moderne\u00a0Elektro-Technik.<\/span><br \/><span style=\"color: #ffffff;\">Sie finden bei uns innovative Produkte aus den Bereichen Energieversorgung,\u00a0Umwelt-, Sicherheits-, Beleuchtungs- und Haushaltstechnik.<\/span><\/p><p style=\"text-align: center;\"><span style=\"color: #ffffff;\">Dar\u00fcber hinaus veranstalten wir f\u00fcr Sie in unseren\u00a0<a style=\"color: #ffffff;\" href=\"http:\/\/www.elektro-cezanne.de\/WP\/wohlfuehlwelten\/\">Wohlf\u00fchlwelten<\/a>\u00a0ungew\u00f6hnliche Koch-Events und bieten Ihnen ein modernes Ambiente\u00a0f\u00fcr individuelle Events.<\/span><br \/><b><\/b><\/p><p style=\"text-align: center;\"><span style=\"color: #ffffff;\"><b>elektro cezanne gmbh ist Miele Classic- und\u00a0Exklusiv-Vertragspartner.<\/b><\/span><\/p><p style=\"text-align: center;\"><span style=\"color: #ffffff;\">Seit 40 Jahren sind wir im Rhein-Main-Gebiet f\u00fcr Sie t\u00e4tig und\u00a0garantieren Ihnen dank dieser langj\u00e4hrigen Erfahrung beste Qualit\u00e4t\u00a0unserer Produkte als auch unseren Dienstleistungen.<\/span><br \/><b><\/b><\/p><p style=\"text-align: center;\"><span style=\"color: #ffffff;\"><b>Setzen Sie sich einfach mit uns in Verbindung,\u00a0wir beraten Sie gerne!<\/b><\/span><\/p><p>[\/vc_column_text][\/vc_column][\/vc_row][vc_row][vc_column][vc_single_image image=\"278\" img_size=\"full\"][vc_single_image image=\"359\" img_size=\"full\"][vc_text_separator title=\"Aktuelles\" color=\"custom\" accent_color=\"#990100\"][\/vc_column][\/vc_row][vc_row full_width=\"stretch_row\" css=\".vc_custom_1470910137299{background-color: #990100 !important;}\"][vc_column css=\".vc_custom_1470910149481{background-color: #990100 !important;}\"][vc_column_text]<\/p><p style=\"text-align: center;\"><span style=\"color: #ffffff;\">F\u00fcr Informationen zu unseren Miele Koch-Events nehmen Sie bitte direkt Kontakt mit uns auf.<\/span><br \/><span style=\"color: #ffffff;\">Weitere Informationen finden Sie\u00a0<a style=\"color: #ffffff;\" href=\"http:\/\/www.elektro-cezanne.de\/WP\/aktuelles\/\">hier<\/a>.<\/span><\/p><p>[\/vc_column_text][sc_fullwidth background_color=\"#990100\"][\/sc_fullwidth][\/vc_column][\/vc_row][vc_row][vc_column][vc_text_separator title=\"Unser aktuelles Image-Video:\" color=\"custom\" accent_color=\"#990100\"][\/vc_column][\/vc_row][vc_row][vc_column][layerslider_vc id=\"8\"][\/vc_column][\/vc_row][vc_row content_placement=\"middle\"][vc_column][vc_column_text]Quelle:<br \/>Film: jakaliti GmbH<br \/>Musik:\u00a0<a href=\"http:\/\/ccmixter.org\/files\/AlexBeroza\/27099\" target=\"_blank\" rel=\"noopener noreferrer\">Alex Beroza<\/a>\u00a0- Tell Somebody, 2010 -\u00a0<a href=\"http:\/\/creativecommons.org\/licenses\/by\/3.0\/\" target=\"_blank\" rel=\"noopener noreferrer\">Licensed under Creative Commons Attribution 3.0<\/a>[\/vc_column_text][\/vc_column][\/vc_row][vc_row][vc_column][vc_text_separator title=\"So finden Sie uns ganz einfach\" color=\"custom\" accent_color=\"#990100\"][\/vc_column][\/vc_row][vc_row css=\".vc_custom_1564391592987{background-color: #ffffff !important;}\"][vc_column css=\".vc_custom_1564391604660{background-color: #ffffff !important;}\"][vc_gmaps link=\"#E-8_JTNDaWZyYW1lJTIwc3JjJTNEJTIyaHR0cHMlM0ElMkYlMkZ3d3cuZ29vZ2xlLmNvbSUyRm1hcHMlMkZlbWJlZCUzRnBiJTNEJTIxMW0xNCUyMTFtOCUyMTFtMyUyMTFkMTAyNTguMTY5MDM1MTY4OTA3JTIxMmQ4LjU3NzU1NTYlMjEzZDUwLjAwMTE5MDglMjEzbTIlMjExaTEwMjQlMjEyaTc2OCUyMTRmMTMuMSUyMTNtMyUyMTFtMiUyMTFzMHgwJTI1M0EweDUxZWFhYTgwMDg4NmM3ODclMjEyc0VsZWt0cm8lMkJDZXphbm5lJTJCR21iSCUyMTVlMCUyMTNtMiUyMTFzZGUlMjEyc2RlJTIxNHYxNTY0MTU0NzExNTc3JTIxNW0yJTIxMXNkZSUyMTJzZGUlMjIlMjB3aWR0aCUzRCUyMjEwMCUyNSUyMiUyMGhlaWdodCUzRCUyMjMwMCUyMiUyMGZyYW1lYm9yZGVyJTNEJTIyMCUyMiUyMHN0eWxlJTNEJTIyYm9yZGVyJTNBMCUyMiUyMGFsbG93ZnVsbHNjcmVlbiUzRSUzQyUyRmlmcmFtZSUzRQ==\" size=\"300\" css=\".vc_custom_1620381886067{background-color: #ffffff !important;}\"][\/vc_column][\/vc_row]<\/p>","_et_gb_content_width":"","footnotes":""},"class_list":["post-2","page","type-page","status-publish","hentry"],"_links":{"self":[{"href":"https:\/\/www.elektro-cezanne.de\/WP\/wp-json\/wp\/v2\/pages\/2","targetHints":{"allow":["GET"]}}],"collection":[{"href":"https:\/\/www.elektro-cezanne.de\/WP\/wp-json\/wp\/v2\/pages"}],"about":[{"href":"https:\/\/www.elektro-cezanne.de\/WP\/wp-json\/wp\/v2\/types\/page"}],"author":[{"embeddable":true,"href":"https:\/\/www.elektro-cezanne.de\/WP\/wp-json\/wp\/v2\/users\/1"}],"replies":[{"embeddable":true,"href":"https:\/\/www.elektro-cezanne.de\/WP\/wp-json\/wp\/v2\/comments?post=2"}],"version-history":[{"count":124,"href":"https:\/\/www.elektro-cezanne.de\/WP\/wp-json\/wp\/v2\/pages\/2\/revisions"}],"predecessor-version":[{"id":536,"href":"https:\/\/www.elektro-cezanne.de\/WP\/wp-json\/wp\/v2\/pages\/2\/revisions\/536"}],"wp:attachment":[{"href":"https:\/\/www.elektro-cezanne.de\/WP\/wp-json\/wp\/v2\/media?parent=2"}],"curies":[{"name":"wp","href":"https:\/\/api.w.org\/{rel}","templated":true}]}}