{"id":17,"date":"2016-08-09T11:44:08","date_gmt":"2016-08-09T09:44:08","guid":{"rendered":"http:\/\/www.elektro-cezanne.de\/WP\/?page_id=17"},"modified":"2025-10-15T10:36:45","modified_gmt":"2025-10-15T08:36:45","slug":"elektro-technik","status":"publish","type":"page","link":"https:\/\/www.elektro-cezanne.de\/WP\/elektro-technik\/","title":{"rendered":"Elektro-Technik"},"content":{"rendered":"<p>[et_pb_section fb_built=&#8220;1&#8243; _builder_version=&#8220;4.16&#8243; global_colors_info=&#8220;{}&#8220;][et_pb_row _builder_version=&#8220;4.16&#8243; background_size=&#8220;initial&#8220; background_position=&#8220;top_left&#8220; background_repeat=&#8220;repeat&#8220; global_colors_info=&#8220;{}&#8220;][et_pb_column type=&#8220;4_4&#8243; _builder_version=&#8220;4.16&#8243; custom_padding=&#8220;|||&#8220; global_colors_info=&#8220;{}&#8220; custom_padding__hover=&#8220;|||&#8220;][et_pb_image src=&#8220;https:\/\/www.elektro-cezanne.de\/WP\/wp-content\/uploads\/2019\/02\/ec-19-slider-p2.jpg&#8220; title_text=&#8220;elektro cezanne ist Ihr Partner f\u00fcr Miele &#038; Produkte f\u00fcr die Energie-, Umwelt-, Sicherheits-, Beleuchtungs- und Haushaltstechnik&#8220; _builder_version=&#8220;4.18.0&#8243; _module_preset=&#8220;default&#8220; hover_enabled=&#8220;0&#8243; box_shadow_style=&#8220;preset3&#8243; global_colors_info=&#8220;{}&#8220; alt=&#8220;elektro cezanne ist Ihr Partner f\u00fcr Miele &#038; Produkte f\u00fcr die Energie-, Umwelt-, Sicherheits-, Beleuchtungs- und Haushaltstechnik&#8220; sticky_enabled=&#8220;0&#8243;][\/et_pb_image][et_pb_text _builder_version=&#8220;4.18.0&#8243; background_size=&#8220;initial&#8220; background_position=&#8220;top_left&#8220; background_repeat=&#8220;repeat&#8220; global_colors_info=&#8220;{}&#8220;]<\/p>\n<p>Das Unternehmen wurde am 11. September 1978 von Elsbeth und Heinz Cezanne in M\u00f6rfelden-Walldorf als Gesellschaft mit beschr\u00e4nkter Haftung gegr\u00fcndet.<\/p>\n<p>Nach meiner gr\u00fcndlichen Ausbildung, die im Oktober 1989 mit dem Meisterbrief endete, habe ich, Frank Cezanne, den elterlichen Betrieb im Jahre 1992 als gesch\u00e4ftsf\u00fchrender Gesellschafter \u00fcbernommen.<\/p>\n<p>Unser Leitmotiv &#8211; Qualit\u00e4t zur Zufriedenheit unserer Kunden &#8211; haben wir nie aus den Augen verloren und haben demzufolge einen festen Platz in unserer Stadt und der gesamten Region eingenommen. Unsere Zuverl\u00e4ssigkeit und h\u00f6chste Qualit\u00e4tsanspr\u00fcche in Verbindung mit einer permanenten Weiterbildung von allen Mitarbeitern inklusive der Gesch\u00e4ftsleitung sichern die Zukunft des Unternehmens. Unsere Aufgabe ist durch die Anforderungen unserer Kunden definiert &#8211; wir sind darauf vorbereitet, ihre Erwartungen zu Erf\u00fcllen.<\/p>\n<p>Als Meister-Fachbetrieb verstehen wir uns als Dienstleister, der Ihnen effiziente, wirtschaftliche und umweltschonende Komplettl\u00f6sungen f\u00fcr die Energieversorgung, Umwelt-, Sicherheits-, Beleuchtungs- und Haushaltstechnik anbieten kann. Im Bereich der Haushaltstechnik arbeiten wir mit vielen namhaften K\u00fcchenstudios zusammen.<\/p>\n<p>[\/et_pb_text][\/et_pb_column][\/et_pb_row][et_pb_row _builder_version=&#8220;4.18.0&#8243; _module_preset=&#8220;default&#8220; global_colors_info=&#8220;{}&#8220;][et_pb_column type=&#8220;4_4&#8243; _builder_version=&#8220;4.18.0&#8243; _module_preset=&#8220;default&#8220; global_colors_info=&#8220;{}&#8220;][et_pb_divider _builder_version=&#8220;4.18.0&#8243; _module_preset=&#8220;default&#8220; global_colors_info=&#8220;{}&#8220;][\/et_pb_divider][et_pb_text admin_label=&#8220;Wir sind Vertragspartner folgender Unternehmen:&#8220; _builder_version=&#8220;4.18.0&#8243; _module_preset=&#8220;default&#8220; header_text_align=&#8220;center&#8220; header_text_color=&#8220;#990000&#8243; header_font_size_tablet=&#8220;&#8220; header_font_size_phone=&#8220;22px&#8220; header_font_size_last_edited=&#8220;on|phone&#8220; global_colors_info=&#8220;{}&#8220;]<\/p>\n<h1 style=\"text-align: center;\"><span style=\"color: #990100;\">Wir sind Vertragspartner folgender Unternehmen<\/span><\/h1>\n<p>[\/et_pb_text][\/et_pb_column][\/et_pb_row][et_pb_row column_structure=&#8220;1_4,1_4,1_4,1_4&#8243; _builder_version=&#8220;4.18.0&#8243; _module_preset=&#8220;default&#8220; global_colors_info=&#8220;{}&#8220;][et_pb_column type=&#8220;1_4&#8243; _builder_version=&#8220;4.18.0&#8243; _module_preset=&#8220;default&#8220; global_colors_info=&#8220;{}&#8220;][et_pb_image src=&#8220;https:\/\/www.elektro-cezanne.de\/WP\/wp-content\/uploads\/2016\/08\/ec-logo-partner-miele.jpg&#8220; url=&#8220;http:\/\/www.miele.de\/&#8220; url_new_window=&#8220;on&#8220; _builder_version=&#8220;4.18.0&#8243; _module_preset=&#8220;default&#8220; hover_enabled=&#8220;0&#8243; global_colors_info=&#8220;{}&#8220; alt=&#8220;elektro cezanne ist Ihr Partner f\u00fcr Miele &#038; Produkte f\u00fcr die Energie-, Umwelt-, Sicherheits-, Beleuchtungs- und Haushaltstechnik&#8220; title_text=&#8220;elektro cezanne ist Ihr Partner f\u00fcr Miele &#038; Produkte f\u00fcr die Energie-, Umwelt-, Sicherheits-, Beleuchtungs- und Haushaltstechnik&#8220; sticky_enabled=&#8220;0&#8243;][\/et_pb_image][\/et_pb_column][et_pb_column type=&#8220;1_4&#8243; _builder_version=&#8220;4.18.0&#8243; _module_preset=&#8220;default&#8220; global_colors_info=&#8220;{}&#8220;][et_pb_image src=&#8220;https:\/\/www.elektro-cezanne.de\/WP\/wp-content\/uploads\/2016\/08\/ec-logo-partner-stiebel.jpg&#8220; url=&#8220;https:\/\/www.stiebel-eltron.de\/de\/home.html&#8220; url_new_window=&#8220;on&#8220; _builder_version=&#8220;4.18.0&#8243; _module_preset=&#8220;default&#8220; hover_enabled=&#8220;0&#8243; global_colors_info=&#8220;{}&#8220; alt=&#8220;elektro cezanne ist Ihr Partner f\u00fcr Miele &#038; Produkte f\u00fcr die Energie-, Umwelt-, Sicherheits-, Beleuchtungs- und Haushaltstechnik&#8220; title_text=&#8220;elektro cezanne ist Ihr Partner f\u00fcr Miele &#038; Produkte f\u00fcr die Energie-, Umwelt-, Sicherheits-, Beleuchtungs- und Haushaltstechnik&#8220; sticky_enabled=&#8220;0&#8243;][\/et_pb_image][\/et_pb_column][et_pb_column type=&#8220;1_4&#8243; _builder_version=&#8220;4.18.0&#8243; _module_preset=&#8220;default&#8220; global_colors_info=&#8220;{}&#8220;][et_pb_image src=&#8220;https:\/\/www.elektro-cezanne.de\/WP\/wp-content\/uploads\/2016\/08\/ec-logo-partner-gira.jpg&#8220; title_text=&#8220;elektro cezanne ist Ihr Partner f\u00fcr Miele &#038; Produkte f\u00fcr die Energie-, Umwelt-, Sicherheits-, Beleuchtungs- und Haushaltstechnik&#8220; url=&#8220;http:\/\/www.gira.de\/&#8220; url_new_window=&#8220;on&#8220; _builder_version=&#8220;4.18.0&#8243; _module_preset=&#8220;default&#8220; hover_enabled=&#8220;0&#8243; global_colors_info=&#8220;{}&#8220; alt=&#8220;elektro cezanne ist Ihr Partner f\u00fcr Miele &#038; Produkte f\u00fcr die Energie-, Umwelt-, Sicherheits-, Beleuchtungs- und Haushaltstechnik&#8220; sticky_enabled=&#8220;0&#8243;][\/et_pb_image][\/et_pb_column][et_pb_column type=&#8220;1_4&#8243; _builder_version=&#8220;4.18.0&#8243; _module_preset=&#8220;default&#8220; global_colors_info=&#8220;{}&#8220;][et_pb_image src=&#8220;https:\/\/www.elektro-cezanne.de\/WP\/wp-content\/uploads\/2021\/06\/ec-6-21-zug_Logo.jpg&#8220; title_text=&#8220;elektro cezanne ist Ihr Partner f\u00fcr Miele &#038; Produkte f\u00fcr die Energie-, Umwelt-, Sicherheits-, Beleuchtungs- und Haushaltstechnik&#8220; url=&#8220;https:\/\/www.vzug.com\/de\/de\/&#8220; url_new_window=&#8220;on&#8220; _builder_version=&#8220;4.18.0&#8243; _module_preset=&#8220;default&#8220; hover_enabled=&#8220;0&#8243; global_colors_info=&#8220;{}&#8220; alt=&#8220;elektro cezanne ist Ihr Partner f\u00fcr Miele &#038; Produkte f\u00fcr die Energie-, Umwelt-, Sicherheits-, Beleuchtungs- und Haushaltstechnik&#8220; sticky_enabled=&#8220;0&#8243;][\/et_pb_image][\/et_pb_column][\/et_pb_row][et_pb_row _builder_version=&#8220;4.18.0&#8243; _module_preset=&#8220;default&#8220; global_colors_info=&#8220;{}&#8220;][et_pb_column type=&#8220;4_4&#8243; _builder_version=&#8220;4.18.0&#8243; _module_preset=&#8220;default&#8220; global_colors_info=&#8220;{}&#8220;][et_pb_divider _builder_version=&#8220;4.18.0&#8243; _module_preset=&#8220;default&#8220; global_colors_info=&#8220;{}&#8220;][\/et_pb_divider][et_pb_text admin_label=&#8220;Wir sind Mitglied bei folgenden Organisationen:&#8220; _builder_version=&#8220;4.18.0&#8243; _module_preset=&#8220;default&#8220; header_text_align=&#8220;center&#8220; header_text_color=&#8220;#990000&#8243; header_font_size_tablet=&#8220;&#8220; header_font_size_phone=&#8220;22px&#8220; header_font_size_last_edited=&#8220;on|phone&#8220; global_colors_info=&#8220;{}&#8220;]<\/p>\n<h1 style=\"text-align: center;\"><span style=\"color: #990100;\">Wir sind Mitglied bei folgenden Organisationen<\/span><\/h1>\n<p>[\/et_pb_text][\/et_pb_column][\/et_pb_row][et_pb_row column_structure=&#8220;1_4,1_4,1_4,1_4&#8243; _builder_version=&#8220;4.18.0&#8243; _module_preset=&#8220;default&#8220; global_colors_info=&#8220;{}&#8220;][et_pb_column type=&#8220;1_4&#8243; _builder_version=&#8220;4.18.0&#8243; _module_preset=&#8220;default&#8220; global_colors_info=&#8220;{}&#8220;][et_pb_image src=&#8220;https:\/\/www.elektro-cezanne.de\/WP\/wp-content\/uploads\/2021\/06\/ec-ggmw-log-6-21.jpg&#8220; title_text=&#8220;elektro cezanne ist Ihr Partner f\u00fcr Miele &#038; Produkte f\u00fcr die Energie-, Umwelt-, Sicherheits-, Beleuchtungs- und Haushaltstechnik&#8220; url=&#8220;http:\/\/www.gewerbegemeinschaft-mw.de\/&#8220; url_new_window=&#8220;on&#8220; _builder_version=&#8220;4.18.0&#8243; _module_preset=&#8220;default&#8220; hover_enabled=&#8220;0&#8243; global_colors_info=&#8220;{}&#8220; alt=&#8220;elektro cezanne ist Ihr Partner f\u00fcr Miele &#038; Produkte f\u00fcr die Energie-, Umwelt-, Sicherheits-, Beleuchtungs- und Haushaltstechnik&#8220; sticky_enabled=&#8220;0&#8243;][\/et_pb_image][\/et_pb_column][et_pb_column type=&#8220;1_4&#8243; _builder_version=&#8220;4.18.0&#8243; _module_preset=&#8220;default&#8220; global_colors_info=&#8220;{}&#8220;][et_pb_image src=&#8220;https:\/\/www.elektro-cezanne.de\/WP\/wp-content\/uploads\/2016\/08\/ec-logo-partner-bds.jpg&#8220; title_text=&#8220;elektro cezanne ist Ihr Partner f\u00fcr Miele &#038; Produkte f\u00fcr die Energie-, Umwelt-, Sicherheits-, Beleuchtungs- und Haushaltstechnik&#8220; url=&#8220;http:\/\/www.bds-dgv.de\/&#8220; url_new_window=&#8220;on&#8220; _builder_version=&#8220;4.18.0&#8243; _module_preset=&#8220;default&#8220; hover_enabled=&#8220;0&#8243; global_colors_info=&#8220;{}&#8220; alt=&#8220;elektro cezanne ist Ihr Partner f\u00fcr Miele &#038; Produkte f\u00fcr die Energie-, Umwelt-, Sicherheits-, Beleuchtungs- und Haushaltstechnik&#8220; sticky_enabled=&#8220;0&#8243;][\/et_pb_image][\/et_pb_column][et_pb_column type=&#8220;1_4&#8243; _builder_version=&#8220;4.18.0&#8243; _module_preset=&#8220;default&#8220; global_colors_info=&#8220;{}&#8220;][et_pb_image src=&#8220;https:\/\/www.elektro-cezanne.de\/WP\/wp-content\/uploads\/2016\/08\/ec-logo-creditreform-12.gif&#8220; title_text=&#8220;elektro cezanne ist Ihr Partner f\u00fcr Miele &#038; Produkte f\u00fcr die Energie-, Umwelt-, Sicherheits-, Beleuchtungs- und Haushaltstechnik&#8220; url=&#8220;http:\/\/www.creditreform.de\/index.html&#8220; url_new_window=&#8220;on&#8220; _builder_version=&#8220;4.18.0&#8243; _module_preset=&#8220;default&#8220; hover_enabled=&#8220;0&#8243; global_colors_info=&#8220;{}&#8220; alt=&#8220;elektro cezanne ist Ihr Partner f\u00fcr Miele &#038; Produkte f\u00fcr die Energie-, Umwelt-, Sicherheits-, Beleuchtungs- und Haushaltstechnik&#8220; sticky_enabled=&#8220;0&#8243;][\/et_pb_image][\/et_pb_column][et_pb_column type=&#8220;1_4&#8243; _builder_version=&#8220;4.18.0&#8243; _module_preset=&#8220;default&#8220; global_colors_info=&#8220;{}&#8220;][et_pb_image src=&#8220;https:\/\/www.elektro-cezanne.de\/WP\/wp-content\/uploads\/2016\/08\/EC-Partner-TUEV2.jpg&#8220; title_text=&#8220;elektro cezanne ist Ihr Partner f\u00fcr Miele &#038; Produkte f\u00fcr die Energie-, Umwelt-, Sicherheits-, Beleuchtungs- und Haushaltstechnik&#8220; url=&#8220;http:\/\/www.tuv.com\/de\/deutschland\/home.jsp&#8220; url_new_window=&#8220;on&#8220; _builder_version=&#8220;4.18.0&#8243; _module_preset=&#8220;default&#8220; hover_enabled=&#8220;0&#8243; global_colors_info=&#8220;{}&#8220; alt=&#8220;elektro cezanne ist Ihr Partner f\u00fcr Miele &#038; Produkte f\u00fcr die Energie-, Umwelt-, Sicherheits-, Beleuchtungs- und Haushaltstechnik&#8220; sticky_enabled=&#8220;0&#8243;][\/et_pb_image][\/et_pb_column][\/et_pb_row][et_pb_row _builder_version=&#8220;4.18.0&#8243; _module_preset=&#8220;default&#8220; global_colors_info=&#8220;{}&#8220;][et_pb_column type=&#8220;4_4&#8243; _builder_version=&#8220;4.18.0&#8243; _module_preset=&#8220;default&#8220; global_colors_info=&#8220;{}&#8220;][et_pb_divider _builder_version=&#8220;4.18.0&#8243; _module_preset=&#8220;default&#8220; global_colors_info=&#8220;{}&#8220;][\/et_pb_divider][et_pb_text admin_label=&#8220;Wir empfehlen Ihnen folgende Gesch\u00e4ftspartner:&#8220; _builder_version=&#8220;4.18.0&#8243; _module_preset=&#8220;default&#8220; header_text_align=&#8220;center&#8220; header_text_color=&#8220;#990000&#8243; header_font_size_tablet=&#8220;&#8220; header_font_size_phone=&#8220;22px&#8220; header_font_size_last_edited=&#8220;on|phone&#8220; global_colors_info=&#8220;{}&#8220;]<\/p>\n<h1 style=\"text-align: center;\"><span style=\"color: #990100;\">Wir empfehlen Ihnen folgende Gesch\u00e4ftspartner<\/span><\/h1>\n<p>[\/et_pb_text][\/et_pb_column][\/et_pb_row][et_pb_row column_structure=&#8220;1_4,1_4,1_4,1_4&#8243; _builder_version=&#8220;4.18.0&#8243; _module_preset=&#8220;default&#8220; global_colors_info=&#8220;{}&#8220;][et_pb_column type=&#8220;1_4&#8243; _builder_version=&#8220;4.18.0&#8243; _module_preset=&#8220;default&#8220; global_colors_info=&#8220;{}&#8220;][et_pb_image src=&#8220;https:\/\/www.elektro-cezanne.de\/WP\/wp-content\/uploads\/2016\/08\/ec-logo-bulthaupt-12.gif&#8220; title_text=&#8220;elektro cezanne ist Ihr Partner f\u00fcr Miele &#038; Produkte f\u00fcr die Energie-, Umwelt-, Sicherheits-, Beleuchtungs- und Haushaltstechnik&#8220; url=&#8220;http:\/\/www.bulthaup-wiesbaden.de\/bulthaup\/partners\/de\/wiesbaden\/werkstatt\/home.nsf\/contentview\/96D8D516AE7E767BC125712D004516FF&#8220; url_new_window=&#8220;on&#8220; _builder_version=&#8220;4.18.0&#8243; _module_preset=&#8220;default&#8220; hover_enabled=&#8220;0&#8243; global_colors_info=&#8220;{}&#8220; alt=&#8220;elektro cezanne ist Ihr Partner f\u00fcr Miele &#038; Produkte f\u00fcr die Energie-, Umwelt-, Sicherheits-, Beleuchtungs- und Haushaltstechnik&#8220; sticky_enabled=&#8220;0&#8243;][\/et_pb_image][\/et_pb_column][et_pb_column type=&#8220;1_4&#8243; _builder_version=&#8220;4.18.0&#8243; _module_preset=&#8220;default&#8220; global_colors_info=&#8220;{}&#8220;][et_pb_image src=&#8220;https:\/\/www.elektro-cezanne.de\/WP\/wp-content\/uploads\/2016\/08\/ec-logo-partner-unger.jpg&#8220; title_text=&#8220;elektro cezanne ist Ihr Partner f\u00fcr Miele &#038; Produkte f\u00fcr die Energie-, Umwelt-, Sicherheits-, Beleuchtungs- und Haushaltstechnik&#8220; url=&#8220;http:\/\/www.kuechenhaus-unger.de\/&#8220; url_new_window=&#8220;on&#8220; _builder_version=&#8220;4.18.0&#8243; _module_preset=&#8220;default&#8220; hover_enabled=&#8220;0&#8243; global_colors_info=&#8220;{}&#8220; alt=&#8220;elektro cezanne ist Ihr Partner f\u00fcr Miele &#038; Produkte f\u00fcr die Energie-, Umwelt-, Sicherheits-, Beleuchtungs- und Haushaltstechnik&#8220; sticky_enabled=&#8220;0&#8243;][\/et_pb_image][\/et_pb_column][et_pb_column type=&#8220;1_4&#8243; _builder_version=&#8220;4.18.0&#8243; _module_preset=&#8220;default&#8220; global_colors_info=&#8220;{}&#8220;][et_pb_image src=&#8220;https:\/\/www.elektro-cezanne.de\/WP\/wp-content\/uploads\/2016\/08\/ec-logo-lichtberater12.gif&#8220; title_text=&#8220;elektro cezanne ist Ihr Partner f\u00fcr Miele &#038; Produkte f\u00fcr die Energie-, Umwelt-, Sicherheits-, Beleuchtungs- und Haushaltstechnik&#8220; url=&#8220;http:\/\/www.dielichtberater-rhein-main.de\/&#8220; url_new_window=&#8220;on&#8220; _builder_version=&#8220;4.18.0&#8243; _module_preset=&#8220;default&#8220; hover_enabled=&#8220;0&#8243; global_colors_info=&#8220;{}&#8220; alt=&#8220;elektro cezanne ist Ihr Partner f\u00fcr Miele &#038; Produkte f\u00fcr die Energie-, Umwelt-, Sicherheits-, Beleuchtungs- und Haushaltstechnik&#8220; sticky_enabled=&#8220;0&#8243;][\/et_pb_image][\/et_pb_column][et_pb_column type=&#8220;1_4&#8243; _builder_version=&#8220;4.18.0&#8243; _module_preset=&#8220;default&#8220; global_colors_info=&#8220;{}&#8220;][et_pb_image src=&#8220;https:\/\/www.elektro-cezanne.de\/WP\/wp-content\/uploads\/2016\/08\/ec-logo-schuhmann-14.jpg&#8220; title_text=&#8220;elektro cezanne ist Ihr Partner f\u00fcr Miele &#038; Produkte f\u00fcr die Energie-, Umwelt-, Sicherheits-, Beleuchtungs- und Haushaltstechnik&#8220; url=&#8220;http:\/\/www.schuhmann-bad-waerme.de\/&#8220; url_new_window=&#8220;on&#8220; _builder_version=&#8220;4.18.0&#8243; _module_preset=&#8220;default&#8220; hover_enabled=&#8220;0&#8243; global_colors_info=&#8220;{}&#8220; alt=&#8220;elektro cezanne ist Ihr Partner f\u00fcr Miele &#038; Produkte f\u00fcr die Energie-, Umwelt-, Sicherheits-, Beleuchtungs- und Haushaltstechnik&#8220; sticky_enabled=&#8220;0&#8243;][\/et_pb_image][\/et_pb_column][\/et_pb_row][et_pb_row column_structure=&#8220;1_4,1_4,1_4,1_4&#8243; _builder_version=&#8220;4.18.0&#8243; _module_preset=&#8220;default&#8220; global_colors_info=&#8220;{}&#8220;][et_pb_column type=&#8220;1_4&#8243; _builder_version=&#8220;4.18.0&#8243; _module_preset=&#8220;default&#8220; global_colors_info=&#8220;{}&#8220;][et_pb_image src=&#8220;https:\/\/www.elektro-cezanne.de\/WP\/wp-content\/uploads\/2016\/08\/ec-reddy-log-17.jpg&#8220; title_text=&#8220;elektro cezanne ist Ihr Partner f\u00fcr Miele &#038; Produkte f\u00fcr die Energie-, Umwelt-, Sicherheits-, Beleuchtungs- und Haushaltstechnik&#8220; url=&#8220;https:\/\/eschborn.reddy.de\/&#8220; url_new_window=&#8220;on&#8220; _builder_version=&#8220;4.18.0&#8243; _module_preset=&#8220;default&#8220; hover_enabled=&#8220;0&#8243; global_colors_info=&#8220;{}&#8220; alt=&#8220;elektro cezanne ist Ihr Partner f\u00fcr Miele &#038; Produkte f\u00fcr die Energie-, Umwelt-, Sicherheits-, Beleuchtungs- und Haushaltstechnik&#8220; sticky_enabled=&#8220;0&#8243;][\/et_pb_image][\/et_pb_column][et_pb_column type=&#8220;1_4&#8243; _builder_version=&#8220;4.18.0&#8243; _module_preset=&#8220;default&#8220; global_colors_info=&#8220;{}&#8220;][\/et_pb_column][et_pb_column type=&#8220;1_4&#8243; _builder_version=&#8220;4.18.0&#8243; _module_preset=&#8220;default&#8220; global_colors_info=&#8220;{}&#8220;][\/et_pb_column][et_pb_column type=&#8220;1_4&#8243; _builder_version=&#8220;4.18.0&#8243; _module_preset=&#8220;default&#8220; global_colors_info=&#8220;{}&#8220;][\/et_pb_column][\/et_pb_row][et_pb_row _builder_version=&#8220;4.18.0&#8243; _module_preset=&#8220;default&#8220; global_colors_info=&#8220;{}&#8220;][et_pb_column type=&#8220;4_4&#8243; _builder_version=&#8220;4.18.0&#8243; _module_preset=&#8220;default&#8220; global_colors_info=&#8220;{}&#8220;][et_pb_image src=&#8220;https:\/\/www.elektro-cezanne.de\/WP\/wp-content\/uploads\/2019\/02\/ec-19-slider-p3.jpg&#8220; title_text=&#8220;elektro cezanne ist Ihr Partner f\u00fcr Miele &#038; Produkte f\u00fcr die Energie-, Umwelt-, Sicherheits-, Beleuchtungs- und Haushaltstechnik&#8220; _builder_version=&#8220;4.18.0&#8243; _module_preset=&#8220;default&#8220; hover_enabled=&#8220;0&#8243; box_shadow_style=&#8220;preset3&#8243; global_colors_info=&#8220;{}&#8220; alt=&#8220;elektro cezanne ist Ihr Partner f\u00fcr Miele &#038; Produkte f\u00fcr die Energie-, Umwelt-, Sicherheits-, Beleuchtungs- und Haushaltstechnik&#8220; sticky_enabled=&#8220;0&#8243;][\/et_pb_image][\/et_pb_column][\/et_pb_row][\/et_pb_section]<\/p>\n","protected":false},"excerpt":{"rendered":"<p>Das Unternehmen wurde am 11. September 1978 von Elsbeth und Heinz Cezanne in M\u00f6rfelden-Walldorf als Gesellschaft mit beschr\u00e4nkter Haftung gegr\u00fcndet. Nach meiner gr\u00fcndlichen Ausbildung, die im Oktober 1989 mit dem Meisterbrief endete, habe ich, Frank Cezanne, den elterlichen Betrieb im Jahre 1992 als gesch\u00e4ftsf\u00fchrender Gesellschafter \u00fcbernommen. Unser Leitmotiv &#8211; Qualit\u00e4t zur Zufriedenheit unserer Kunden &#8211; [&hellip;]<\/p>\n","protected":false},"author":1,"featured_media":0,"parent":0,"menu_order":0,"comment_status":"closed","ping_status":"closed","template":"","meta":{"_et_pb_use_builder":"on","_et_pb_old_content":"<p>[vc_row full_width=\"stretch_row\"][vc_column][vc_single_image image=\"279\" img_size=\"full\"][\/vc_column][\/vc_row][vc_row css=\".vc_custom_1471854810010{background-color: #ffffff !important;}\"][vc_column][vc_column_text]Das Unternehmen wurde am 11. September 1978 von Elsbeth und Heinz Cezanne in M\u00f6rfelden-Walldorf als Gesellschaft mit beschr\u00e4nkter Haftung gegr\u00fcndet.<\/p><p>Nach meiner gr\u00fcndlichen Ausbildung, die im Oktober 1989 mit dem Meisterbrief endete, habe ich, Frank Cezanne, den elterlichen Betrieb im Jahre 1992 als gesch\u00e4ftsf\u00fchrender Gesellschafter \u00fcbernommen.<\/p><p>Unser Leitmotiv - Qualit\u00e4t zur Zufriedenheit unserer Kunden - haben wir nie aus den Augen verloren und haben demzufolge einen festen Platz in unserer Stadt und der gesamten Region eingenommen. Unsere Zuverl\u00e4ssigkeit und h\u00f6chste Qualit\u00e4tsanspr\u00fcche in Verbindung mit einer permanenten Weiterbildung von allen Mitarbeitern inklusive der Gesch\u00e4ftsleitung sichern die Zukunft des Unternehmens. Unsere Aufgabe ist durch die Anforderungen unserer Kunden definiert - wir sind darauf vorbereitet, ihre Erwartungen zu Erf\u00fcllen.<\/p><p>Als Meister-Fachbetrieb verstehen wir uns als Dienstleister, der Ihnen effiziente, wirtschaftliche und umweltschonende Komplettl\u00f6sungen f\u00fcr die Energieversorgung, Umwelt-, Sicherheits-, Beleuchtungs- und Haushaltstechnik anbieten kann. Im Bereich der Haushaltstechnik arbeiten wir mit vielen namhaften K\u00fcchenstudios zusammen.<\/p><p>[\/vc_column_text][vc_column_text]<span style=\"color: #990100;\">Wir sind Vertragspartner folgender Unternehmen:<\/span>[\/vc_column_text][\/vc_column][\/vc_row][vc_row][vc_column width=\"1\/4\"][vc_single_image image=\"357\" onclick=\"custom_link\" img_link_target=\"_blank\" css_animation=\"appear\" link=\"http:\/\/www.miele.de\"][\/vc_column][vc_column width=\"1\/4\"][vc_single_image image=\"19\" onclick=\"custom_link\" img_link_target=\"_blank\" css_animation=\"appear\" link=\"https:\/\/www.stiebel-eltron.de\/de\/home.html\"][\/vc_column][vc_column width=\"1\/4\"][vc_single_image image=\"18\" onclick=\"custom_link\" img_link_target=\"_blank\" css_animation=\"appear\" link=\"http:\/\/www.gira.de\"][\/vc_column][vc_column width=\"1\/4\"][vc_single_image image=\"371\" onclick=\"custom_link\" img_link_target=\"_blank\" css_animation=\"appear\" link=\"https:\/\/www.vzug.com\/de\/de\/\"][\/vc_column][\/vc_row][vc_row][vc_column][vc_column_text]<span style=\"color: #990100;\">Wir sind Mitglied bei folgenden Organisationen:<\/span>[\/vc_column_text][\/vc_column][\/vc_row][vc_row][vc_column width=\"1\/4\"][vc_single_image image=\"372\" onclick=\"custom_link\" img_link_target=\"_blank\" css_animation=\"appear\" link=\"http:\/\/www.gewerbegemeinschaft-mw.de\"][\/vc_column][vc_column width=\"1\/4\"][vc_single_image image=\"74\" onclick=\"custom_link\" img_link_target=\"_blank\" css_animation=\"appear\" link=\"http:\/\/www.bds-dgv.de\"][\/vc_column][vc_column width=\"1\/4\"][vc_single_image image=\"73\" onclick=\"custom_link\" img_link_target=\"_blank\" css_animation=\"appear\" link=\"http:\/\/www.creditreform.de\/index.html\"][\/vc_column][vc_column width=\"1\/4\"][vc_single_image image=\"72\" onclick=\"custom_link\" img_link_target=\"_blank\" css_animation=\"appear\" link=\"http:\/\/www.tuv.com\/de\/deutschland\/home.jsp\"][\/vc_column][\/vc_row][vc_row][vc_column][vc_column_text]<span style=\"color: #990100;\">Wir empfehlen Ihnen folgende Gesch\u00e4ftspartner:<\/span>[\/vc_column_text][\/vc_column][\/vc_row][vc_row][vc_column width=\"1\/4\"][vc_single_image image=\"71\" onclick=\"custom_link\" img_link_target=\"_blank\" css_animation=\"appear\" link=\"http:\/\/www.bulthaup-wiesbaden.de\/bulthaup\/partners\/de\/wiesbaden\/werkstatt\/home.nsf\/contentview\/96D8D516AE7E767BC125712D004516FF\"][\/vc_column][vc_column width=\"1\/4\"][vc_single_image image=\"70\" onclick=\"custom_link\" img_link_target=\"_blank\" css_animation=\"appear\" link=\"http:\/\/www.kuechenhaus-unger.de\"][\/vc_column][vc_column width=\"1\/4\"][vc_single_image image=\"69\" onclick=\"custom_link\" img_link_target=\"_blank\" css_animation=\"appear\" link=\"http:\/\/www.dielichtberater-rhein-main.de\"][\/vc_column][vc_column width=\"1\/4\"][vc_single_image image=\"68\" onclick=\"custom_link\" img_link_target=\"_blank\" css_animation=\"appear\" link=\"http:\/\/www.schuhmann-bad-waerme.de\"][\/vc_column][\/vc_row][vc_row][vc_column width=\"1\/4\"][vc_single_image image=\"228\" onclick=\"custom_link\" img_link_target=\"_blank\" css_animation=\"appear\" link=\"https:\/\/eschborn.reddy.de\"][\/vc_column][vc_column width=\"1\/4\"][\/vc_column][vc_column width=\"1\/4\"][\/vc_column][vc_column width=\"1\/4\"][\/vc_column][\/vc_row][vc_row][vc_column][vc_single_image image=\"280\" img_size=\"full\" onclick=\"link_image\"][\/vc_column][\/vc_row]<\/p>","_et_gb_content_width":"","footnotes":""},"class_list":["post-17","page","type-page","status-publish","hentry"],"_links":{"self":[{"href":"https:\/\/www.elektro-cezanne.de\/WP\/wp-json\/wp\/v2\/pages\/17","targetHints":{"allow":["GET"]}}],"collection":[{"href":"https:\/\/www.elektro-cezanne.de\/WP\/wp-json\/wp\/v2\/pages"}],"about":[{"href":"https:\/\/www.elektro-cezanne.de\/WP\/wp-json\/wp\/v2\/types\/page"}],"author":[{"embeddable":true,"href":"https:\/\/www.elektro-cezanne.de\/WP\/wp-json\/wp\/v2\/users\/1"}],"replies":[{"embeddable":true,"href":"https:\/\/www.elektro-cezanne.de\/WP\/wp-json\/wp\/v2\/comments?post=17"}],"version-history":[{"count":30,"href":"https:\/\/www.elektro-cezanne.de\/WP\/wp-json\/wp\/v2\/pages\/17\/revisions"}],"predecessor-version":[{"id":514,"href":"https:\/\/www.elektro-cezanne.de\/WP\/wp-json\/wp\/v2\/pages\/17\/revisions\/514"}],"wp:attachment":[{"href":"https:\/\/www.elektro-cezanne.de\/WP\/wp-json\/wp\/v2\/media?parent=17"}],"curies":[{"name":"wp","href":"https:\/\/api.w.org\/{rel}","templated":true}]}}