{"id":15,"date":"2016-08-09T11:41:20","date_gmt":"2016-08-09T09:41:20","guid":{"rendered":"http:\/\/www.elektro-cezanne.de\/WP\/?page_id=15"},"modified":"2026-04-10T08:49:23","modified_gmt":"2026-04-10T06:49:23","slug":"aktuelles","status":"publish","type":"page","link":"https:\/\/www.elektro-cezanne.de\/WP\/aktuelles\/","title":{"rendered":"Aktuelles"},"content":{"rendered":"<p>[et_pb_section fb_built=&#8220;1&#8243; _builder_version=&#8220;4.16&#8243; global_colors_info=&#8220;{}&#8220;][et_pb_row _builder_version=&#8220;4.16&#8243; background_size=&#8220;initial&#8220; background_position=&#8220;top_left&#8220; background_repeat=&#8220;repeat&#8220; global_colors_info=&#8220;{}&#8220;][et_pb_column type=&#8220;4_4&#8243; _builder_version=&#8220;4.16&#8243; custom_padding=&#8220;|||&#8220; global_colors_info=&#8220;{}&#8220; custom_padding__hover=&#8220;|||&#8220;][et_pb_image src=&#8220;https:\/\/www.elektro-cezanne.de\/WP\/wp-content\/uploads\/2019\/02\/ec-19-slider-p1.jpg&#8220; alt=&#8220;elektro cezanne ist Ihr Partner f\u00fcr Miele &#038; Produkte f\u00fcr die Energieversorgung, Umwelt-, Sicherheits-, Beleuchtungs- und Haushaltstechnik.&#8220; title_text=&#8220;elektro cezanne ist Ihr Partner f\u00fcr Miele &#038; Produkte f\u00fcr die Energieversorgung, Umwelt-, Sicherheits-, Beleuchtungs- und Haushaltstechnik.&#8220; _builder_version=&#8220;4.18.0&#8243; _module_preset=&#8220;default&#8220; box_shadow_style=&#8220;preset3&#8243; global_colors_info=&#8220;{}&#8220;][\/et_pb_image][et_pb_text _builder_version=&#8220;4.18.0&#8243; header_font_size=&#8220;20px&#8220; header_line_height=&#8220;1.2em&#8220; header_2_font_size=&#8220;18px&#8220; background_size=&#8220;initial&#8220; background_position=&#8220;top_left&#8220; background_repeat=&#8220;repeat&#8220; hover_enabled=&#8220;0&#8243; global_colors_info=&#8220;{}&#8220; sticky_enabled=&#8220;0&#8243;]<\/p>\n<h1>In den Wohlf\u00fchlwelten von elektro cezanne bieten wir Ihnen ungew\u00f6hnliche Koch-Events und ein modernes Ambiente f\u00fcr individuelle Events.<\/h1>\n<p>&nbsp;<\/p>\n<h2>Die n\u00e4chsten Events von elektro cezanne in den Wohlf\u00fchlwelten sind:<b><br \/><\/b><\/h2>\n<p>&nbsp;<\/p>\n<ul>\n<li>\n<h2 style=\"font-weight: 400;\">Angrillen mit dem neuen <strong>MIELE-Grill<\/strong> in der Outdoor-Kitchen\u00a0am 22.05.2026, 17-20 Uhr<\/h2>\n<\/li>\n<\/ul>\n<p style=\"text-align: left;\"><b><\/b>Bitte melden Sie sich an unter<br \/><span style=\"color: #990000;\">E-Mail:<\/span>\u00a0<a href=\"mailto:email@elektro-cezanne.de\">email@elektro-cezanne.de<\/a><\/p>\n<p>&nbsp;<\/p>\n<p>[\/et_pb_text][et_pb_image src=&#8220;https:\/\/www.elektro-cezanne.de\/WP\/wp-content\/uploads\/2019\/02\/ec-19-slider-p4.jpg&#8220; alt=&#8220;elektro cezanne ist Ihr Partner f\u00fcr Miele &#038; Produkte f\u00fcr die Energieversorgung, Umwelt-, Sicherheits-, Beleuchtungs- und Haushaltstechnik.&#8220; title_text=&#8220;elektro cezanne ist Ihr Partner f\u00fcr Miele &#038; Produkte f\u00fcr die Energieversorgung, Umwelt-, Sicherheits-, Beleuchtungs- und Haushaltstechnik.&#8220; _builder_version=&#8220;4.18.0&#8243; _module_preset=&#8220;default&#8220; box_shadow_style=&#8220;preset3&#8243; global_colors_info=&#8220;{}&#8220;][\/et_pb_image][\/et_pb_column][\/et_pb_row][\/et_pb_section]<\/p>\n","protected":false},"excerpt":{"rendered":"<p>In den Wohlf\u00fchlwelten von elektro cezanne bieten wir Ihnen ungew\u00f6hnliche Koch-Events und ein modernes Ambiente f\u00fcr individuelle Events. &nbsp; Die n\u00e4chsten Events von elektro cezanne in den Wohlf\u00fchlwelten sind: &nbsp; Angrillen mit dem neuen MIELE-Grill in der Outdoor-Kitchen\u00a0am 22.05.2026, 17-20 Uhr Bitte melden Sie sich an unterE-Mail:\u00a0email@elektro-cezanne.de &nbsp;<\/p>\n","protected":false},"author":1,"featured_media":0,"parent":0,"menu_order":0,"comment_status":"closed","ping_status":"closed","template":"","meta":{"_et_pb_use_builder":"on","_et_pb_old_content":"<p>[vc_row][vc_column][vc_single_image image=\"278\" img_size=\"full\"][\/vc_column][\/vc_row][vc_row][vc_column][vc_column_text]<b>Die n\u00e4chsten Events in 2022 in den\u00a0Wohlf\u00fchlwelten sind:<br \/><\/b><\/p><ul><li><b>Sobald die Corona\/Covid-Lage es zul\u00e4sst, werden wir diese Events wieder f\u00fcr Sie veranstalten.<\/b><b><br \/><\/b><\/li><\/ul><p><b>\u00a0<\/b><\/p><p>(jeweils um 19 Uhr, Langstr. 31\u00a0in Walldorf).<\/p><p style=\"text-align: left;\"><b><\/b>Bitte melden Sie sich an unter:<br \/><b>Tel.:<\/b>\u00a00 61 05-69 38 oder<br \/><b>E-Mail:<\/b>\u00a0<a href=\"mailto:email@elektro-cezanne.de\">email(et)elektro-cezanne.de<\/a><\/p><p>[\/vc_column_text][\/vc_column][\/vc_row][vc_row][vc_column][vc_single_image image=\"358\" img_size=\"full\"][\/vc_column][\/vc_row]<\/p>","_et_gb_content_width":"","footnotes":""},"class_list":["post-15","page","type-page","status-publish","hentry"],"_links":{"self":[{"href":"https:\/\/www.elektro-cezanne.de\/WP\/wp-json\/wp\/v2\/pages\/15","targetHints":{"allow":["GET"]}}],"collection":[{"href":"https:\/\/www.elektro-cezanne.de\/WP\/wp-json\/wp\/v2\/pages"}],"about":[{"href":"https:\/\/www.elektro-cezanne.de\/WP\/wp-json\/wp\/v2\/types\/page"}],"author":[{"embeddable":true,"href":"https:\/\/www.elektro-cezanne.de\/WP\/wp-json\/wp\/v2\/users\/1"}],"replies":[{"embeddable":true,"href":"https:\/\/www.elektro-cezanne.de\/WP\/wp-json\/wp\/v2\/comments?post=15"}],"version-history":[{"count":26,"href":"https:\/\/www.elektro-cezanne.de\/WP\/wp-json\/wp\/v2\/pages\/15\/revisions"}],"predecessor-version":[{"id":534,"href":"https:\/\/www.elektro-cezanne.de\/WP\/wp-json\/wp\/v2\/pages\/15\/revisions\/534"}],"wp:attachment":[{"href":"https:\/\/www.elektro-cezanne.de\/WP\/wp-json\/wp\/v2\/media?parent=15"}],"curies":[{"name":"wp","href":"https:\/\/api.w.org\/{rel}","templated":true}]}}