{"id":136,"date":"2016-08-15T12:29:20","date_gmt":"2016-08-15T10:29:20","guid":{"rendered":"http:\/\/www.elektro-cezanne.de\/WP\/?page_id=136"},"modified":"2025-10-15T10:49:14","modified_gmt":"2025-10-15T08:49:14","slug":"wohlfuehlwelten","status":"publish","type":"page","link":"https:\/\/www.elektro-cezanne.de\/WP\/wohlfuehlwelten\/","title":{"rendered":"Wohlf\u00fchlwelten"},"content":{"rendered":"<p>[et_pb_section fb_built=&#8220;1&#8243; _builder_version=&#8220;4.16&#8243; global_colors_info=&#8220;{}&#8220;][et_pb_row _builder_version=&#8220;4.16&#8243; background_size=&#8220;initial&#8220; background_position=&#8220;top_left&#8220; background_repeat=&#8220;repeat&#8220; global_colors_info=&#8220;{}&#8220;][et_pb_column type=&#8220;4_4&#8243; _builder_version=&#8220;4.16&#8243; custom_padding=&#8220;|||&#8220; global_colors_info=&#8220;{}&#8220; custom_padding__hover=&#8220;|||&#8220;][et_pb_image src=&#8220;https:\/\/www.elektro-cezanne.de\/WP\/wp-content\/uploads\/2019\/02\/ec-19-slider-p1.jpg&#8220; _builder_version=&#8220;4.18.0&#8243; _module_preset=&#8220;default&#8220; hover_enabled=&#8220;0&#8243; box_shadow_style=&#8220;preset3&#8243; global_colors_info=&#8220;{}&#8220; alt=&#8220;elektro cezanne ist Ihr Partner f\u00fcr Miele &#038; Produkte f\u00fcr die Energie-, Umwelt-, Sicherheits-, Beleuchtungs- und Haushaltstechnik&#8220; title_text=&#8220;elektro cezanne ist Ihr Partner f\u00fcr Miele &#038; Produkte f\u00fcr die Energie-, Umwelt-, Sicherheits-, Beleuchtungs- und Haushaltstechnik&#8220; sticky_enabled=&#8220;0&#8243;][\/et_pb_image][et_pb_text admin_label=&#8220;SO FINDEN SIE UNS GANZ EINFACH&#8220; _builder_version=&#8220;4.18.0&#8243; _module_preset=&#8220;default&#8220; header_text_align=&#8220;center&#8220; header_text_color=&#8220;#990000&#8243; hover_enabled=&#8220;0&#8243; header_font_size_tablet=&#8220;&#8220; header_font_size_phone=&#8220;22px&#8220; header_font_size_last_edited=&#8220;on|desktop&#8220; global_colors_info=&#8220;{}&#8220; sticky_enabled=&#8220;0&#8243;]<\/p>\n<h1 style=\"text-align: center;\">WOHLF\u00dcHLWELTEN <br \/>der elektro cezanne gmbh<\/h1>\n<p>[\/et_pb_text][et_pb_text _builder_version=&#8220;4.18.0&#8243; background_size=&#8220;initial&#8220; background_position=&#8220;top_left&#8220; background_repeat=&#8220;repeat&#8220; global_colors_info=&#8220;{}&#8220;]<\/p>\n<p style=\"text-align: left;\">Die Wohlf\u00fchlwelten sind Pr\u00e4sentations- und Aktionsr\u00e4umlichkeiten der besonderen Art. Wohlf\u00fchlwelten ist ein Raum f\u00fcr kulinarische Veranstaltungen und zugleich Pr\u00e4sentationsfl\u00e4che f\u00fcr technische News rund um K\u00fcchen- und Haushaltstechnik sowie Multimedia-Entertainment. Aber auch Handswerkskunst und Fotografien werden hier vorgestellt.<\/p>\n<p style=\"text-align: left;\">Es versteht sich von selbst, dass sich Sie hier sicher wohl f\u00fchlen werden. Zusammen mit unseren Partnern, die diese R\u00e4umlichkeiten gern zu eigenen Veranstaltungen nutzen, zeigen wir Ihnen in den Wohlf\u00fchlwelten stets neue Erlebniswelten auf.<\/p>\n<p>[\/et_pb_text][et_pb_text admin_label=&#8220;Wir empfehlen Ihnen folgende Gesch\u00e4ftspartner&#8220; _builder_version=&#8220;4.18.0&#8243; _module_preset=&#8220;default&#8220; header_text_align=&#8220;center&#8220; header_text_color=&#8220;#990000&#8243; header_font_size_tablet=&#8220;&#8220; header_font_size_phone=&#8220;22px&#8220; header_font_size_last_edited=&#8220;on|desktop&#8220; global_colors_info=&#8220;{}&#8220;]<\/p>\n<h1 style=\"text-align: center;\"><span style=\"color: #990100;\">Wir empfehlen Ihnen folgende Gesch\u00e4ftspartner<\/span><\/h1>\n<p>[\/et_pb_text][\/et_pb_column][\/et_pb_row][et_pb_row column_structure=&#8220;1_4,1_4,1_4,1_4&#8243; _builder_version=&#8220;4.18.0&#8243; _module_preset=&#8220;default&#8220; global_colors_info=&#8220;{}&#8220;][et_pb_column type=&#8220;1_4&#8243; _builder_version=&#8220;4.18.0&#8243; _module_preset=&#8220;default&#8220; global_colors_info=&#8220;{}&#8220;][et_pb_image src=&#8220;https:\/\/www.elektro-cezanne.de\/WP\/wp-content\/uploads\/2021\/05\/ec-5-21-Miele_Logo.jpg&#8220; title_text=&#8220;elektro cezanne ist Ihr Partner f\u00fcr Miele &#038; Produkte f\u00fcr die Energie-, Umwelt-, Sicherheits-, Beleuchtungs- und Haushaltstechnik&#8220; url=&#8220;http:\/\/www.miele.de\/&#8220; url_new_window=&#8220;on&#8220; _builder_version=&#8220;4.18.0&#8243; _module_preset=&#8220;default&#8220; hover_enabled=&#8220;0&#8243; global_colors_info=&#8220;{}&#8220; alt=&#8220;elektro cezanne ist Ihr Partner f\u00fcr Miele &#038; Produkte f\u00fcr die Energie-, Umwelt-, Sicherheits-, Beleuchtungs- und Haushaltstechnik&#8220; sticky_enabled=&#8220;0&#8243;][\/et_pb_image][\/et_pb_column][et_pb_column type=&#8220;1_4&#8243; _builder_version=&#8220;4.18.0&#8243; _module_preset=&#8220;default&#8220; global_colors_info=&#8220;{}&#8220;][et_pb_image src=&#8220;https:\/\/www.elektro-cezanne.de\/WP\/wp-content\/uploads\/2021\/06\/ec-6-21-zug_Logo.jpg&#8220; title_text=&#8220;elektro cezanne ist Ihr Partner f\u00fcr Miele &#038; Produkte f\u00fcr die Energie-, Umwelt-, Sicherheits-, Beleuchtungs- und Haushaltstechnik&#8220; url=&#8220;https:\/\/www.vzug.com\/de\/de\/&#8220; url_new_window=&#8220;on&#8220; _builder_version=&#8220;4.18.0&#8243; _module_preset=&#8220;default&#8220; hover_enabled=&#8220;0&#8243; global_colors_info=&#8220;{}&#8220; alt=&#8220;elektro cezanne ist Ihr Partner f\u00fcr Miele &#038; Produkte f\u00fcr die Energie-, Umwelt-, Sicherheits-, Beleuchtungs- und Haushaltstechnik&#8220; sticky_enabled=&#8220;0&#8243;][\/et_pb_image][\/et_pb_column][et_pb_column type=&#8220;1_4&#8243; _builder_version=&#8220;4.18.0&#8243; _module_preset=&#8220;default&#8220; global_colors_info=&#8220;{}&#8220;][et_pb_image src=&#8220;https:\/\/www.elektro-cezanne.de\/WP\/wp-content\/uploads\/2016\/08\/ec-logo-partner-lc.jpg&#8220; title_text=&#8220;elektro cezanne ist Ihr Partner f\u00fcr Miele &#038; Produkte f\u00fcr die Energie-, Umwelt-, Sicherheits-, Beleuchtungs- und Haushaltstechnik&#8220; url=&#8220;http:\/\/www.cantinetta.net\/&#8220; url_new_window=&#8220;on&#8220; _builder_version=&#8220;4.18.0&#8243; _module_preset=&#8220;default&#8220; hover_enabled=&#8220;0&#8243; global_colors_info=&#8220;{}&#8220; alt=&#8220;elektro cezanne ist Ihr Partner f\u00fcr Miele &#038; Produkte f\u00fcr die Energie-, Umwelt-, Sicherheits-, Beleuchtungs- und Haushaltstechnik&#8220; sticky_enabled=&#8220;0&#8243;][\/et_pb_image][\/et_pb_column][et_pb_column type=&#8220;1_4&#8243; _builder_version=&#8220;4.18.0&#8243; _module_preset=&#8220;default&#8220; global_colors_info=&#8220;{}&#8220;][et_pb_image src=&#8220;https:\/\/www.elektro-cezanne.de\/WP\/wp-content\/uploads\/2016\/08\/ec-logo-partner-ina.jpg&#8220; title_text=&#8220;elektro cezanne ist Ihr Partner f\u00fcr Miele &#038; Produkte f\u00fcr die Energie-, Umwelt-, Sicherheits-, Beleuchtungs- und Haushaltstechnik&#8220; url=&#8220;http:\/\/www.foto-atelier-ina.de\/&#8220; url_new_window=&#8220;on&#8220; _builder_version=&#8220;4.18.0&#8243; _module_preset=&#8220;default&#8220; hover_enabled=&#8220;0&#8243; global_colors_info=&#8220;{}&#8220; alt=&#8220;elektro cezanne ist Ihr Partner f\u00fcr Miele &#038; Produkte f\u00fcr die Energie-, Umwelt-, Sicherheits-, Beleuchtungs- und Haushaltstechnik&#8220; sticky_enabled=&#8220;0&#8243;][\/et_pb_image][\/et_pb_column][\/et_pb_row][et_pb_row column_structure=&#8220;1_4,1_4,1_4,1_4&#8243; _builder_version=&#8220;4.18.0&#8243; _module_preset=&#8220;default&#8220; global_colors_info=&#8220;{}&#8220;][et_pb_column type=&#8220;1_4&#8243; _builder_version=&#8220;4.18.0&#8243; _module_preset=&#8220;default&#8220; global_colors_info=&#8220;{}&#8220;][et_pb_image src=&#8220;https:\/\/www.elektro-cezanne.de\/WP\/wp-content\/uploads\/2016\/08\/ec-logo-partner-mc.jpg&#8220; title_text=&#8220;elektro cezanne ist Ihr Partner f\u00fcr Miele &#038; Produkte f\u00fcr die Energie-, Umwelt-, Sicherheits-, Beleuchtungs- und Haushaltstechnik&#8220; url=&#8220;http:\/\/www.gravurenundschmuck.de\/&#8220; url_new_window=&#8220;on&#8220; _builder_version=&#8220;4.18.0&#8243; _module_preset=&#8220;default&#8220; hover_enabled=&#8220;0&#8243; global_colors_info=&#8220;{}&#8220; alt=&#8220;elektro cezanne ist Ihr Partner f\u00fcr Miele &#038; Produkte f\u00fcr die Energie-, Umwelt-, Sicherheits-, Beleuchtungs- und Haushaltstechnik&#8220; sticky_enabled=&#8220;0&#8243;][\/et_pb_image][\/et_pb_column][et_pb_column type=&#8220;1_4&#8243; _builder_version=&#8220;4.18.0&#8243; _module_preset=&#8220;default&#8220; global_colors_info=&#8220;{}&#8220;][et_pb_image src=&#8220;https:\/\/www.elektro-cezanne.de\/WP\/wp-content\/uploads\/2016\/08\/ec-logo-ehmler-13.gif&#8220; title_text=&#8220;elektro cezanne ist Ihr Partner f\u00fcr Miele &#038; Produkte f\u00fcr die Energie-, Umwelt-, Sicherheits-, Beleuchtungs- und Haushaltstechnik&#8220; url=&#8220;http:\/\/www.phono-service.de\/&#8220; url_new_window=&#8220;on&#8220; _builder_version=&#8220;4.18.0&#8243; _module_preset=&#8220;default&#8220; hover_enabled=&#8220;0&#8243; global_colors_info=&#8220;{}&#8220; alt=&#8220;elektro cezanne ist Ihr Partner f\u00fcr Miele &#038; Produkte f\u00fcr die Energie-, Umwelt-, Sicherheits-, Beleuchtungs- und Haushaltstechnik&#8220; sticky_enabled=&#8220;0&#8243;][\/et_pb_image][\/et_pb_column][et_pb_column type=&#8220;1_4&#8243; _builder_version=&#8220;4.18.0&#8243; _module_preset=&#8220;default&#8220; global_colors_info=&#8220;{}&#8220;][et_pb_image src=&#8220;https:\/\/www.elektro-cezanne.de\/WP\/wp-content\/uploads\/2016\/08\/OO-Logo-2015-web-300px.jpg&#8220; title_text=&#8220;elektro cezanne ist Ihr Partner f\u00fcr Miele &#038; Produkte f\u00fcr die Energie-, Umwelt-, Sicherheits-, Beleuchtungs- und Haushaltstechnik&#8220; url=&#8220;http:\/\/www.off-und-on.de\/&#8220; url_new_window=&#8220;on&#8220; _builder_version=&#8220;4.18.0&#8243; _module_preset=&#8220;default&#8220; width=&#8220;40%&#8220; hover_enabled=&#8220;0&#8243; global_colors_info=&#8220;{}&#8220; alt=&#8220;elektro cezanne ist Ihr Partner f\u00fcr Miele &#038; Produkte f\u00fcr die Energie-, Umwelt-, Sicherheits-, Beleuchtungs- und Haushaltstechnik&#8220; sticky_enabled=&#8220;0&#8243;][\/et_pb_image][\/et_pb_column][et_pb_column type=&#8220;1_4&#8243; _builder_version=&#8220;4.18.0&#8243; _module_preset=&#8220;default&#8220; global_colors_info=&#8220;{}&#8220;][\/et_pb_column][\/et_pb_row][et_pb_row _builder_version=&#8220;4.18.0&#8243; _module_preset=&#8220;default&#8220; global_colors_info=&#8220;{}&#8220;][et_pb_column type=&#8220;4_4&#8243; _builder_version=&#8220;4.18.0&#8243; _module_preset=&#8220;default&#8220; global_colors_info=&#8220;{}&#8220;][et_pb_text admin_label=&#8220;Impressionen vom Gourmet-Event mit 3-Sternekoch Sven Elverfeld am 5. Mai 2024&#8243; _builder_version=&#8220;4.18.0&#8243; _module_preset=&#8220;default&#8220; header_text_align=&#8220;center&#8220; header_text_color=&#8220;#990000&#8243; header_font_size_tablet=&#8220;&#8220; header_font_size_phone=&#8220;22px&#8220; header_font_size_last_edited=&#8220;on|desktop&#8220; global_colors_info=&#8220;{}&#8220;]<\/p>\n<h1 style=\"text-align: center;\"><span style=\"color: #990100;\">Impressionen vom Gourmet-Event mit 3-Sternekoch Sven Elverfeld am 5. Mai 2024<\/span><\/h1>\n<p>[\/et_pb_text][et_pb_code admin_label=&#8220;%91metaslider id=%22476%22%93&#8243; _builder_version=&#8220;4.18.0&#8243; _module_preset=&#8220;default&#8220; global_colors_info=&#8220;{}&#8220;]<div id=\"metaslider-id-476\" style=\"width: 100%;\" class=\"ml-slider-3-109-0 metaslider metaslider-flex metaslider-476 ml-slider ms-theme-default nav-hidden\" role=\"region\" aria-label=\"New Slideshow\" data-height=\"400\" data-width=\"800\">\n    <div id=\"metaslider_container_476\">\n        <div id=\"metaslider_476\">\n            <ul class='slides'>\n                <li style=\"display: block; width: 100%;\" class=\"slide-477 ms-image \" aria-roledescription=\"slide\" data-date=\"2024-05-22 13:42:26\" data-filename=\"ec-svenelver24-INA_7413.jpg\" data-slide-type=\"image\"><img loading=\"lazy\" decoding=\"async\" src=\"https:\/\/www.elektro-cezanne.de\/WP\/wp-content\/uploads\/2024\/05\/ec-svenelver24-INA_7413.jpg\" height=\"400\" width=\"800\" alt=\"elektro cezanne gmbh in M\u00f6rfelden-Walldorf ist Ihr Partner f\u00fcr moderne Elektro-Technik\" class=\"slider-476 slide-477 msDefaultImage\" title=\"elektro cezanne gmbh in M\u00f6rfelden-Walldorf ist Ihr Partner f\u00fcr moderne Elektro-Technik\" \/><\/li>\n                <li style=\"display: none; width: 100%;\" class=\"slide-482 ms-image \" aria-roledescription=\"slide\" data-date=\"2024-05-22 13:42:27\" data-filename=\"ec-svenelver24-INA_7601.jpg\" data-slide-type=\"image\"><img loading=\"lazy\" decoding=\"async\" src=\"https:\/\/www.elektro-cezanne.de\/WP\/wp-content\/uploads\/2024\/05\/ec-svenelver24-INA_7601.jpg\" height=\"400\" width=\"800\" alt=\"elektro cezanne gmbh in M\u00f6rfelden-Walldorf ist Ihr Partner f\u00fcr moderne Elektro-Technik\" class=\"slider-476 slide-482 msDefaultImage\" title=\"elektro cezanne gmbh in M\u00f6rfelden-Walldorf ist Ihr Partner f\u00fcr moderne Elektro-Technik\" \/><\/li>\n                <li style=\"display: none; width: 100%;\" class=\"slide-479 ms-image \" aria-roledescription=\"slide\" data-date=\"2024-05-22 13:42:26\" data-filename=\"ec-svenelver24-INA_7515.jpg\" data-slide-type=\"image\"><img loading=\"lazy\" decoding=\"async\" src=\"https:\/\/www.elektro-cezanne.de\/WP\/wp-content\/uploads\/2024\/05\/ec-svenelver24-INA_7515.jpg\" height=\"400\" width=\"800\" alt=\"elektro cezanne gmbh in M\u00f6rfelden-Walldorf ist Ihr Partner f\u00fcr moderne Elektro-Technik\" class=\"slider-476 slide-479 msDefaultImage\" title=\"elektro cezanne gmbh in M\u00f6rfelden-Walldorf ist Ihr Partner f\u00fcr moderne Elektro-Technik\" \/><\/li>\n                <li style=\"display: none; width: 100%;\" class=\"slide-478 ms-image \" aria-roledescription=\"slide\" data-date=\"2024-05-22 13:42:26\" data-filename=\"ec-svenelver24-INA_7430.jpg\" data-slide-type=\"image\"><img loading=\"lazy\" decoding=\"async\" src=\"https:\/\/www.elektro-cezanne.de\/WP\/wp-content\/uploads\/2024\/05\/ec-svenelver24-INA_7430.jpg\" height=\"400\" width=\"800\" alt=\"elektro cezanne gmbh in M\u00f6rfelden-Walldorf ist Ihr Partner f\u00fcr moderne Elektro-Technik\" class=\"slider-476 slide-478 msDefaultImage\" title=\"elektro cezanne gmbh in M\u00f6rfelden-Walldorf ist Ihr Partner f\u00fcr moderne Elektro-Technik\" \/><\/li>\n                <li style=\"display: none; width: 100%;\" class=\"slide-483 ms-image \" aria-roledescription=\"slide\" data-date=\"2024-05-22 13:42:27\" data-filename=\"ec-svenelver24-INA_7631.jpg\" data-slide-type=\"image\"><img loading=\"lazy\" decoding=\"async\" src=\"https:\/\/www.elektro-cezanne.de\/WP\/wp-content\/uploads\/2024\/05\/ec-svenelver24-INA_7631.jpg\" height=\"400\" width=\"800\" alt=\"elektro cezanne gmbh in M\u00f6rfelden-Walldorf ist Ihr Partner f\u00fcr moderne Elektro-Technik\" class=\"slider-476 slide-483 msDefaultImage\" title=\"elektro cezanne gmbh in M\u00f6rfelden-Walldorf ist Ihr Partner f\u00fcr moderne Elektro-Technik\" \/><\/li>\n                <li style=\"display: none; width: 100%;\" class=\"slide-480 ms-image \" aria-roledescription=\"slide\" data-date=\"2024-05-22 13:42:26\" data-filename=\"ec-svenelver24-INA_7534.jpg\" data-slide-type=\"image\"><img loading=\"lazy\" decoding=\"async\" src=\"https:\/\/www.elektro-cezanne.de\/WP\/wp-content\/uploads\/2024\/05\/ec-svenelver24-INA_7534.jpg\" height=\"400\" width=\"800\" alt=\"elektro cezanne gmbh in M\u00f6rfelden-Walldorf ist Ihr Partner f\u00fcr moderne Elektro-Technik\" class=\"slider-476 slide-480 msDefaultImage\" title=\"elektro cezanne gmbh in M\u00f6rfelden-Walldorf ist Ihr Partner f\u00fcr moderne Elektro-Technik\" \/><\/li>\n            <\/ul>\n        <\/div>\n        \n    <\/div>\n<\/div>[\/et_pb_code][et_pb_divider _builder_version=&#8220;4.18.0&#8243; _module_preset=&#8220;default&#8220; global_colors_info=&#8220;{}&#8220;][\/et_pb_divider][et_pb_text admin_label=&#8220;Impressionen vom Gourmet-Event mit 3-Sternekoch Sven Elverfeld:&#8220; _builder_version=&#8220;4.18.0&#8243; _module_preset=&#8220;default&#8220; header_text_align=&#8220;center&#8220; header_text_color=&#8220;#990000&#8243; header_font_size_tablet=&#8220;&#8220; header_font_size_phone=&#8220;22px&#8220; header_font_size_last_edited=&#8220;on|desktop&#8220; global_colors_info=&#8220;{}&#8220;]<\/p>\n<h1 style=\"text-align: center;\"><span style=\"color: #990100;\">Impressionen vom vorherigen Gourmet-Event mit 3-Sternekoch Sven Elverfeld<\/span><\/h1>\n<p>[\/et_pb_text][\/et_pb_column][\/et_pb_row][et_pb_row _builder_version=&#8220;4.18.0&#8243; _module_preset=&#8220;default&#8220; global_colors_info=&#8220;{}&#8220;][et_pb_column type=&#8220;4_4&#8243; _builder_version=&#8220;4.18.0&#8243; _module_preset=&#8220;default&#8220; global_colors_info=&#8220;{}&#8220;][et_pb_slider show_arrows=&#8220;off&#8220; _builder_version=&#8220;4.18.0&#8243; _module_preset=&#8220;default&#8220; animation_style=&#8220;fade&#8220; auto=&#8220;on&#8220; auto_ignore_hover=&#8220;on&#8220; box_shadow_style=&#8220;preset3&#8243; global_colors_info=&#8220;{}&#8220;][et_pb_slide _builder_version=&#8220;4.18.0&#8243; _module_preset=&#8220;default&#8220; background_image=&#8220;https:\/\/www.elektro-cezanne.de\/WP\/wp-content\/uploads\/2016\/08\/ec-slid-wohl-sven13-2.jpg&#8220; background_enable_image=&#8220;on&#8220; global_colors_info=&#8220;{}&#8220; sticky_transition=&#8220;on&#8220;][\/et_pb_slide][et_pb_slide _builder_version=&#8220;4.18.0&#8243; _module_preset=&#8220;default&#8220; background_image=&#8220;https:\/\/www.elektro-cezanne.de\/WP\/wp-content\/uploads\/2016\/08\/ec-slid-wohl-sven13-1.jpg&#8220; background_enable_image=&#8220;on&#8220; global_colors_info=&#8220;{}&#8220; sticky_transition=&#8220;on&#8220;][\/et_pb_slide][\/et_pb_slider][\/et_pb_column][\/et_pb_row][\/et_pb_section][et_pb_section fb_built=&#8220;1&#8243; _builder_version=&#8220;4.18.0&#8243; _module_preset=&#8220;default&#8220; global_colors_info=&#8220;{}&#8220;][et_pb_row _builder_version=&#8220;4.18.0&#8243; _module_preset=&#8220;default&#8220; global_colors_info=&#8220;{}&#8220;][et_pb_column type=&#8220;4_4&#8243; _builder_version=&#8220;4.18.0&#8243; _module_preset=&#8220;default&#8220; global_colors_info=&#8220;{}&#8220;][et_pb_divider _builder_version=&#8220;4.18.0&#8243; _module_preset=&#8220;default&#8220; global_colors_info=&#8220;{}&#8220;][\/et_pb_divider][et_pb_text admin_label=&#8220;UNSER IMAGE-VIDEO&#8220; _builder_version=&#8220;4.18.0&#8243; _module_preset=&#8220;default&#8220; header_text_align=&#8220;center&#8220; header_text_color=&#8220;#990000&#8243; header_font_size_tablet=&#8220;&#8220; header_font_size_phone=&#8220;22px&#8220; header_font_size_last_edited=&#8220;on|desktop&#8220; global_colors_info=&#8220;{}&#8220;]<\/p>\n<h1 style=\"text-align: center;\">UNSER IMAGE-VIDEO<\/h1>\n<p>[\/et_pb_text][\/et_pb_column][\/et_pb_row][et_pb_row _builder_version=&#8220;4.18.0&#8243; _module_preset=&#8220;default&#8220; global_colors_info=&#8220;{}&#8220;][et_pb_column type=&#8220;4_4&#8243; _builder_version=&#8220;4.18.0&#8243; _module_preset=&#8220;default&#8220; global_colors_info=&#8220;{}&#8220;][et_pb_code _builder_version=&#8220;4.18.0&#8243; _module_preset=&#8220;default&#8220; global_colors_info=&#8220;{}&#8220;] <\/p>\n<div class=\"brlbs-cmpnt-container brlbs-cmpnt-content-blocker brlbs-cmpnt-with-individual-styles\" data-borlabs-cookie-content-blocker-id=\"youtube-content-blocker\" data-borlabs-cookie-content=\"PGlmcmFtZSB3aWR0aD0iODYwIiBoZWlnaHQ9IjYxNSIgc3JjPSJodHRwczovL3d3dy55b3V0dWJlLW5vY29va2llLmNvbS9lbWJlZC9XZHpGWU1udE4tQT9zdGFydD0zIiB0aXRsZT0iWW91VHViZSB2aWRlbyBwbGF5ZXIiIGZyYW1lYm9yZGVyPSIwIiBhbGxvdz0iYWNjZWxlcm9tZXRlcjsgYXV0b3BsYXk7IGNsaXBib2FyZC13cml0ZTsgZW5jcnlwdGVkLW1lZGlhOyBneXJvc2NvcGU7IHBpY3R1cmUtaW4tcGljdHVyZSIgYWxsb3dmdWxsc2NyZWVuPjwvaWZyYW1lPg==\">\n<div class=\"brlbs-cmpnt-cb-preset-c brlbs-cmpnt-cb-youtube\">\n<div class=\"brlbs-cmpnt-cb-thumbnail\" style=\"background-image: url('https:\/\/www.elektro-cezanne.de\/WP\/wp-content\/uploads\/borlabs-cookie\/1\/yt_WdzFYMntN-A_hqdefault.jpg')\"><\/div>\n<div class=\"brlbs-cmpnt-cb-main\">\n<div class=\"brlbs-cmpnt-cb-play-button\"><\/div>\n<div class=\"brlbs-cmpnt-cb-content\">\n<p class=\"brlbs-cmpnt-cb-description\">Sie sehen gerade einen Platzhalterinhalt von <strong>YouTube<\/strong>. Um auf den eigentlichen Inhalt zuzugreifen, klicken Sie auf die Schaltfl\u00e4che unten. Bitte beachten Sie, dass dabei Daten an Drittanbieter weitergegeben werden.<\/p>\n<p> <a class=\"brlbs-cmpnt-cb-provider-toggle\" href=\"#\" data-borlabs-cookie-show-provider-information role=\"button\">Mehr Informationen<\/a> <\/div>\n<div class=\"brlbs-cmpnt-cb-buttons\"> <a class=\"brlbs-cmpnt-cb-btn\" href=\"#\" data-borlabs-cookie-unblock role=\"button\">Inhalt entsperren<\/a> <a class=\"brlbs-cmpnt-cb-btn\" href=\"#\" data-borlabs-cookie-accept-service role=\"button\" style=\"display: inherit\">Erforderlichen Service akzeptieren und Inhalte entsperren<\/a> <\/div>\n<\/p><\/div>\n<\/p><\/div>\n<\/div>\n<p>[\/et_pb_code][et_pb_text _builder_version=&#8220;4.18.0&#8243; _module_preset=&#8220;default&#8220; text_orientation=&#8220;center&#8220; global_colors_info=&#8220;{}&#8220;]<\/p>\n<p style=\"text-align: center;\">Quelle:<br \/>Film: jakaliti GmbH<br \/>Musik:\u00a0<a href=\"http:\/\/ccmixter.org\/files\/AlexBeroza\/27099\" target=\"_blank\" rel=\"noopener noreferrer\">Alex Beroza<\/a>\u00a0\u2013 Tell Somebody, 2010 \u2013\u00a0<a href=\"http:\/\/creativecommons.org\/licenses\/by\/3.0\/\" target=\"_blank\" rel=\"noopener noreferrer\">Licensed under Creative Commons Attribution 3.0<\/a><\/p>\n<p>&nbsp;<\/p>\n<p><img loading=\"lazy\" decoding=\"async\" class=\"wp-image-179 size-medium aligncenter\" src=\"https:\/\/www.elektro-cezanne.de\/WP\/wp-content\/uploads\/2016\/08\/Logo-Jakaliti-Stripe-300x60.jpg\" alt=\"\" width=\"300\" height=\"60\" title=\"\"><\/p>\n<p>[\/et_pb_text][\/et_pb_column][\/et_pb_row][\/et_pb_section]<\/p>\n","protected":false},"excerpt":{"rendered":"<p>WOHLF\u00dcHLWELTEN der elektro cezanne gmbhDie Wohlf\u00fchlwelten sind Pr\u00e4sentations- und Aktionsr\u00e4umlichkeiten der besonderen Art. Wohlf\u00fchlwelten ist ein Raum f\u00fcr kulinarische Veranstaltungen und zugleich Pr\u00e4sentationsfl\u00e4che f\u00fcr technische News rund um K\u00fcchen- und Haushaltstechnik sowie Multimedia-Entertainment. Aber auch Handswerkskunst und Fotografien werden hier vorgestellt. Es versteht sich von selbst, dass sich Sie hier sicher wohl f\u00fchlen werden. Zusammen [&hellip;]<\/p>\n","protected":false},"author":1,"featured_media":0,"parent":0,"menu_order":0,"comment_status":"closed","ping_status":"closed","template":"","meta":{"_et_pb_use_builder":"on","_et_pb_old_content":"<p>[vc_row][vc_column][vc_single_image image=\"278\" img_size=\"full\"][\/vc_column][\/vc_row][vc_row][vc_column][vc_column_text]<\/p><p style=\"text-align: left;\">Die Wohlf\u00fchlwelten sind Pr\u00e4sentations- und Aktionsr\u00e4umlichkeiten der besonderen Art. Wohlf\u00fchlwelten ist ein Raum f\u00fcr kulinarische Veranstaltungen und zugleich Pr\u00e4sentationsfl\u00e4che f\u00fcr technische News rund um K\u00fcchen- und Haushaltstechnik sowie Multimedia-Entertainment. Aber auch Handswerkskunst und Fotografien werden hier vorgestellt.<\/p><p style=\"text-align: left;\">Es versteht sich von selbst, dass sich Sie hier sicher wohl f\u00fchlen werden. Zusammen mit unseren Partnern, die diese R\u00e4umlichkeiten gern zu eigenen Veranstaltungen nutzen, zeigen wir Ihnen in den Wohlf\u00fchlwelten stets neue Erlebniswelten auf.<\/p><p>[\/vc_column_text][\/vc_column][\/vc_row][vc_row][vc_column][vc_column_text]<span style=\"color: #990100;\">Wir empfehlen Ihnen folgende Gesch\u00e4ftspartner:<\/span>[\/vc_column_text][\/vc_column][\/vc_row][vc_row][vc_column width=\"1\/4\"][vc_single_image image=\"357\" onclick=\"custom_link\" img_link_target=\"_blank\" css_animation=\"appear\" link=\"http:\/\/www.miele.de\/\"][\/vc_column][vc_column width=\"1\/4\"][vc_single_image image=\"371\" onclick=\"custom_link\" img_link_target=\"_blank\" css_animation=\"appear\" link=\"https:\/\/www.vzug.com\/de\/de\/\"][\/vc_column][vc_column width=\"1\/4\"][vc_single_image image=\"147\" onclick=\"custom_link\" img_link_target=\"_blank\" css_animation=\"appear\" link=\"http:\/\/www.cantinetta.net\"][\/vc_column][vc_column width=\"1\/4\"][vc_single_image image=\"148\" onclick=\"custom_link\" img_link_target=\"_blank\" css_animation=\"appear\" link=\"http:\/\/www.foto-atelier-ina.de\/\"][\/vc_column][\/vc_row][vc_row][vc_column width=\"1\/4\"][vc_single_image image=\"146\" onclick=\"custom_link\" img_link_target=\"_blank\" css_animation=\"appear\" link=\"http:\/\/www.gravurenundschmuck.de\/\"][\/vc_column][vc_column width=\"1\/4\"][vc_single_image image=\"145\" onclick=\"custom_link\" img_link_target=\"_blank\" css_animation=\"appear\" link=\"http:\/\/www.phono-service.de\/\"][\/vc_column][vc_column width=\"1\/4\"][vc_single_image image=\"144\" onclick=\"custom_link\" img_link_target=\"_blank\" css_animation=\"appear\" link=\"http:\/\/www.guthke-design.de\"][\/vc_column][vc_column width=\"1\/4\"][\/vc_column][\/vc_row][vc_row][vc_column][vc_column_text]<span style=\"color: #990100;\">Impressionen von unseren Wohlf\u00fchlwelten und Koch-Events:<\/span>[\/vc_column_text][\/vc_column][\/vc_row][vc_row][vc_column][vc_single_image image=\"358\" img_size=\"full\"][\/vc_column][\/vc_row][vc_row][vc_column][vc_column_text]<span style=\"color: #990100;\">Impressionen vom Gourmet-Event mit 3-Sternekoch Sven Elverfeld:<\/span>[\/vc_column_text][\/vc_column][\/vc_row][vc_row][vc_column][layerslider_vc id=\"7\"][\/vc_column][\/vc_row][vc_row][vc_column][vc_column_text]<span style=\"color: #990100;\">Unser aktuelles Image-Video:<\/span>[\/vc_column_text][\/vc_column][\/vc_row][vc_row][vc_column][layerslider_vc id=\"8\"][\/vc_column][\/vc_row][vc_row][vc_column][vc_column_text]Quelle:<br \/>Film: jakaliti GmbH<br \/>Musik: <a href=\"http:\/\/ccmixter.org\/files\/AlexBeroza\/27099\" target=\"_blank\" rel=\"noopener noreferrer\">Alex Beroza<\/a> - Tell Somebody, 2010 - <a href=\"http:\/\/creativecommons.org\/licenses\/by\/3.0\/\" target=\"_blank\" rel=\"noopener noreferrer\">Licensed under Creative Commons Attribution 3.0<\/a><\/p><p><img class=\"alignnone wp-image-179 size-medium\" src=\"https:\/\/www.elektro-cezanne.de\/WP\/wp-content\/uploads\/2016\/08\/Logo-Jakaliti-Stripe-300x60.jpg\" alt=\"\" width=\"300\" height=\"60\" \/>[\/vc_column_text][\/vc_column][\/vc_row]<\/p>","_et_gb_content_width":"","footnotes":""},"class_list":["post-136","page","type-page","status-publish","hentry"],"_links":{"self":[{"href":"https:\/\/www.elektro-cezanne.de\/WP\/wp-json\/wp\/v2\/pages\/136","targetHints":{"allow":["GET"]}}],"collection":[{"href":"https:\/\/www.elektro-cezanne.de\/WP\/wp-json\/wp\/v2\/pages"}],"about":[{"href":"https:\/\/www.elektro-cezanne.de\/WP\/wp-json\/wp\/v2\/types\/page"}],"author":[{"embeddable":true,"href":"https:\/\/www.elektro-cezanne.de\/WP\/wp-json\/wp\/v2\/users\/1"}],"replies":[{"embeddable":true,"href":"https:\/\/www.elektro-cezanne.de\/WP\/wp-json\/wp\/v2\/comments?post=136"}],"version-history":[{"count":32,"href":"https:\/\/www.elektro-cezanne.de\/WP\/wp-json\/wp\/v2\/pages\/136\/revisions"}],"predecessor-version":[{"id":518,"href":"https:\/\/www.elektro-cezanne.de\/WP\/wp-json\/wp\/v2\/pages\/136\/revisions\/518"}],"wp:attachment":[{"href":"https:\/\/www.elektro-cezanne.de\/WP\/wp-json\/wp\/v2\/media?parent=136"}],"curies":[{"name":"wp","href":"https:\/\/api.w.org\/{rel}","templated":true}]}}