{"id":11,"date":"2016-08-09T11:39:23","date_gmt":"2016-08-09T09:39:23","guid":{"rendered":"http:\/\/www.elektro-cezanne.de\/WP\/?page_id=11"},"modified":"2025-10-15T10:39:19","modified_gmt":"2025-10-15T08:39:19","slug":"kontakt","status":"publish","type":"page","link":"https:\/\/www.elektro-cezanne.de\/WP\/kontakt\/","title":{"rendered":"Kontakt"},"content":{"rendered":"<p>[et_pb_section fb_built=&#8220;1&#8243; _builder_version=&#8220;4.16&#8243; global_colors_info=&#8220;{}&#8220;][et_pb_row _builder_version=&#8220;4.16&#8243; background_size=&#8220;initial&#8220; background_position=&#8220;top_left&#8220; background_repeat=&#8220;repeat&#8220; global_colors_info=&#8220;{}&#8220;][et_pb_column type=&#8220;4_4&#8243; _builder_version=&#8220;4.16&#8243; custom_padding=&#8220;|||&#8220; global_colors_info=&#8220;{}&#8220; custom_padding__hover=&#8220;|||&#8220;][et_pb_image src=&#8220;https:\/\/www.elektro-cezanne.de\/WP\/wp-content\/uploads\/2019\/02\/ec-19-slider-p1.jpg&#8220; _builder_version=&#8220;4.18.0&#8243; _module_preset=&#8220;default&#8220; hover_enabled=&#8220;0&#8243; box_shadow_style=&#8220;preset3&#8243; global_colors_info=&#8220;{}&#8220; alt=&#8220;elektro cezanne ist Ihr Partner f\u00fcr Miele &#038; Produkte f\u00fcr die Energie-, Umwelt-, Sicherheits-, Beleuchtungs- und Haushaltstechnik&#8220; title_text=&#8220;elektro cezanne ist Ihr Partner f\u00fcr Miele &#038; Produkte f\u00fcr die Energie-, Umwelt-, Sicherheits-, Beleuchtungs- und Haushaltstechnik&#8220; sticky_enabled=&#8220;0&#8243;][\/et_pb_image][et_pb_text admin_label=&#8220;WIR FREUEN UNS AUF DEN KONTAKT MIT IHNEN&#8220; _builder_version=&#8220;4.18.0&#8243; _module_preset=&#8220;default&#8220; header_text_align=&#8220;center&#8220; header_text_color=&#8220;#990000&#8243; header_font_size_tablet=&#8220;&#8220; header_font_size_phone=&#8220;22px&#8220; header_font_size_last_edited=&#8220;on|desktop&#8220; global_colors_info=&#8220;{}&#8220;]<\/p>\n<h1 style=\"text-align: center;\">WIR FREUEN UNS AUF DEN KONTAKT MIT IHNEN<\/h1>\n<p>[\/et_pb_text][\/et_pb_column][\/et_pb_row][et_pb_row column_structure=&#8220;1_3,1_3,1_3&#8243; _builder_version=&#8220;4.18.0&#8243; _module_preset=&#8220;default&#8220; global_colors_info=&#8220;{}&#8220;][et_pb_column type=&#8220;1_3&#8243; _builder_version=&#8220;4.18.0&#8243; _module_preset=&#8220;default&#8220; global_colors_info=&#8220;{}&#8220;][et_pb_blurb title=&#8220;Adresse&#8220; use_icon=&#8220;on&#8220; font_icon=&#8220;&#xf3c5;||fa||900&#8243; image_icon_width=&#8220;24px&#8220; icon_alignment=&#8220;left&#8220; _builder_version=&#8220;4.18.0&#8243; _module_preset=&#8220;default&#8220; global_colors_info=&#8220;{}&#8220;]<\/p>\n<p><b>Elektro Cezanne<\/b><br \/><span style=\"color: #990200;\">Elektro-, Beleuchtungs-, Haushaltstechnik<\/span><br \/>Langstra\u00dfe 27 | 64546 M\u00f6rfelden-<u>Walldorf<\/u><\/p>\n<p style=\"text-align: left;\"><span style=\"color: #990200;\">Wohlf\u00fchlwelten<\/span><br \/>Langstra\u00dfe 31\u00a0| 64546 M\u00f6rfelden-<u>Walldorf<\/u><\/p>\n<p>[\/et_pb_blurb][\/et_pb_column][et_pb_column type=&#8220;1_3&#8243; _builder_version=&#8220;4.18.0&#8243; _module_preset=&#8220;default&#8220; global_colors_info=&#8220;{}&#8220;][et_pb_blurb title=&#8220;Telefon&#8220; use_icon=&#8220;on&#8220; font_icon=&#8220;&#xf879;||fa||900&#8243; image_icon_width=&#8220;24px&#8220; icon_alignment=&#8220;left&#8220; _builder_version=&#8220;4.18.0&#8243; _module_preset=&#8220;default&#8220; global_colors_info=&#8220;{}&#8220;]<\/p>\n<p>0 61 05 69 38<\/p>\n<p>[\/et_pb_blurb][et_pb_blurb title=&#8220;Mobil&#8220; use_icon=&#8220;on&#8220; font_icon=&#8220;&#xe00b;||divi||400&#8243; image_icon_width=&#8220;24px&#8220; icon_alignment=&#8220;left&#8220; _builder_version=&#8220;4.18.0&#8243; _module_preset=&#8220;default&#8220; global_colors_info=&#8220;{}&#8220;]<\/p>\n<p>01 75 430 32 16<\/p>\n<p>[\/et_pb_blurb][et_pb_blurb title=&#8220;Fax&#8220; use_icon=&#8220;on&#8220; font_icon=&#8220;&#xe0fa;||divi||400&#8243; image_icon_width=&#8220;24px&#8220; icon_alignment=&#8220;left&#8220; _builder_version=&#8220;4.18.0&#8243; _module_preset=&#8220;default&#8220; global_colors_info=&#8220;{}&#8220;]<\/p>\n<p>0 61 05 768 33<\/p>\n<p>[\/et_pb_blurb][\/et_pb_column][et_pb_column type=&#8220;1_3&#8243; _builder_version=&#8220;4.18.0&#8243; _module_preset=&#8220;default&#8220; global_colors_info=&#8220;{}&#8220;][et_pb_blurb title=&#8220;E-Mail&#8220; use_icon=&#8220;on&#8220; font_icon=&#8220;&#xf0e0;||fa||900&#8243; image_icon_width=&#8220;24px&#8220; icon_alignment=&#8220;left&#8220; _builder_version=&#8220;4.18.0&#8243; _module_preset=&#8220;default&#8220; global_colors_info=&#8220;{}&#8220;]<\/p>\n<p><a href=\"mailto:email@elektro-cezanne.de\">email@elektro-cezanne.de<\/a><\/p>\n<p>[\/et_pb_blurb][\/et_pb_column][\/et_pb_row][et_pb_row _builder_version=&#8220;4.18.0&#8243; _module_preset=&#8220;default&#8220; global_colors_info=&#8220;{}&#8220;][et_pb_column type=&#8220;4_4&#8243; _builder_version=&#8220;4.18.0&#8243; _module_preset=&#8220;default&#8220; global_colors_info=&#8220;{}&#8220;][et_pb_divider _builder_version=&#8220;4.18.0&#8243; _module_preset=&#8220;default&#8220; global_colors_info=&#8220;{}&#8220;][\/et_pb_divider][et_pb_text admin_label=&#8220;SO FINDEN SIE UNS GANZ EINFACH&#8220; _builder_version=&#8220;4.18.0&#8243; _module_preset=&#8220;default&#8220; header_text_align=&#8220;center&#8220; header_text_color=&#8220;#990000&#8243; header_font_size_tablet=&#8220;&#8220; header_font_size_phone=&#8220;22px&#8220; header_font_size_last_edited=&#8220;on|tablet&#8220; global_colors_info=&#8220;{}&#8220;]<\/p>\n<h1 style=\"text-align: center;\">SO FINDEN SIE UNS GANZ EINFACH<\/h1>\n<p>[\/et_pb_text][et_pb_code _builder_version=&#8220;4.18.0&#8243; _module_preset=&#8220;default&#8220; global_colors_info=&#8220;{}&#8220;] <\/p>\n<div class=\"brlbs-cmpnt-container brlbs-cmpnt-content-blocker brlbs-cmpnt-with-individual-styles\" data-borlabs-cookie-content-blocker-id=\"google-maps\" data-borlabs-cookie-content=\"PGlmcmFtZSBzcmM9Imh0dHBzOi8vd3d3Lmdvb2dsZS5jb20vbWFwcy9lbWJlZD9wYj0hMW0xNCExbTghMW0zITFkMjA1MTYuMzI5NDQ5ODE4MTE3ITJkOC41Nzc1NjEwMDAwMDAwMDEhM2Q1MC4wMDEyMTEhM20yITFpMTAyNCEyaTc2OCE0ZjEzLjEhM20zITFtMiExczB4MCUzQTB4NTFlYWFhODAwODg2Yzc4NyEyc0VsZWt0cm8lMjBDZXphbm5lJTIwR21iSCE1ZTAhM20yITFzZGUhMnNkZSE0djE2NjE1MDg2MjE1NjchNW0yITFzZGUhMnNkZSIgd2lkdGg9IjEwMCUiIGhlaWdodD0iNDUwIiBzdHlsZT0iYm9yZGVyOjA7IiBhbGxvd2Z1bGxzY3JlZW49IiIgbG9hZGluZz0ibGF6eSIgcmVmZXJyZXJwb2xpY3k9Im5vLXJlZmVycmVyLXdoZW4tZG93bmdyYWRlIj48L2lmcmFtZT4=\">\n<div class=\"brlbs-cmpnt-cb-preset-b brlbs-cmpnt-cb-google-maps\">\n<div class=\"brlbs-cmpnt-cb-thumbnail\" style=\"background-image: url('https:\/\/www.elektro-cezanne.de\/WP\/wp-content\/uploads\/borlabs-cookie\/1\/brlbs-cb-google-maps-main.png')\"><\/div>\n<div class=\"brlbs-cmpnt-cb-main\">\n<div class=\"brlbs-cmpnt-cb-content\">\n<p class=\"brlbs-cmpnt-cb-description\">Sie sehen gerade einen Platzhalterinhalt von <strong>Google Maps<\/strong>. Um auf den eigentlichen Inhalt zuzugreifen, klicken Sie auf die Schaltfl\u00e4che unten. Bitte beachten Sie, dass dabei Daten an Drittanbieter weitergegeben werden.<\/p>\n<p> <a class=\"brlbs-cmpnt-cb-provider-toggle\" href=\"#\" data-borlabs-cookie-show-provider-information role=\"button\">Mehr Informationen<\/a> <\/div>\n<div class=\"brlbs-cmpnt-cb-buttons\"> <a class=\"brlbs-cmpnt-cb-btn\" href=\"#\" data-borlabs-cookie-unblock role=\"button\">Inhalt entsperren<\/a> <a class=\"brlbs-cmpnt-cb-btn\" href=\"#\" data-borlabs-cookie-accept-service role=\"button\" style=\"display: inherit\">Erforderlichen Service akzeptieren und Inhalte entsperren<\/a> <\/div>\n<\/p><\/div>\n<\/p><\/div>\n<\/div>\n<p>[\/et_pb_code][\/et_pb_column][\/et_pb_row][\/et_pb_section]<\/p>\n","protected":false},"excerpt":{"rendered":"<p>WIR FREUEN UNS AUF DEN KONTAKT MIT IHNENElektro CezanneElektro-, Beleuchtungs-, HaushaltstechnikLangstra\u00dfe 27 | 64546 M\u00f6rfelden-Walldorf Wohlf\u00fchlweltenLangstra\u00dfe 31\u00a0| 64546 M\u00f6rfelden-Walldorf0 61 05 69 3801 75 430 32 160 61 05 768 33email@elektro-cezanne.deSO FINDEN SIE UNS GANZ EINFACH<\/p>\n","protected":false},"author":1,"featured_media":0,"parent":0,"menu_order":0,"comment_status":"closed","ping_status":"closed","template":"","meta":{"_et_pb_use_builder":"on","_et_pb_old_content":"<p>[vc_row][vc_column][vc_single_image image=\"278\" img_size=\"full\"][\/vc_column][\/vc_row][vc_row][vc_column][vc_column_text]<b>Elektro Cezanne<\/b><br \/><span style=\"color: #990200;\">Elektro-, Beleuchtungs-, Haushaltstechnik<\/span><br \/>Langstra\u00dfe 27 | 64546 M\u00f6rfelden-<u>Walldorf<\/u><\/p><p style=\"text-align: left;\"><span style=\"color: #990200;\">Wohlf\u00fchlwelten<\/span><br \/>Langstra\u00dfe 31\u00a0| 64546 M\u00f6rfelden-<u>Walldorf<\/u><\/p><p style=\"text-align: left;\"><b>Tel.:<\/b>\u00a00 61 05-69 38 |\u00a0<b>Mobil:<\/b>\u00a001 75-430 32 16<br \/><b>Fax:<\/b>\u00a00 61 05-768 33 |<br \/><b>E-Mail:<\/b>\u00a0<a href=\"mailto:email@elektro-cezanne.de\">email(et)elektro-cezanne.de<\/a><\/p><p>[\/vc_column_text][\/vc_column][\/vc_row][vc_row][vc_column][\/vc_column][\/vc_row][vc_row][vc_column][vc_text_separator title=\"So finden Sie uns ganz einfach\" color=\"custom\" accent_color=\"#990100\"][\/vc_column][\/vc_row][vc_row][vc_column][vc_gmaps link=\"#E-8_JTNDaWZyYW1lJTIwc3JjJTNEJTIyaHR0cHMlM0ElMkYlMkZ3d3cuZ29vZ2xlLmNvbSUyRm1hcHMlMkZlbWJlZCUzRnBiJTNEJTIxMW0xNCUyMTFtOCUyMTFtMyUyMTFkMTAyNTguMTY5MDM1MTY4OTA3JTIxMmQ4LjU3NzU1NTYlMjEzZDUwLjAwMTE5MDglMjEzbTIlMjExaTEwMjQlMjEyaTc2OCUyMTRmMTMuMSUyMTNtMyUyMTFtMiUyMTFzMHgwJTI1M0EweDUxZWFhYTgwMDg4NmM3ODclMjEyc0VsZWt0cm8lMkJDZXphbm5lJTJCR21iSCUyMTVlMCUyMTNtMiUyMTFzZGUlMjEyc2RlJTIxNHYxNTY0MTU0NzExNTc3JTIxNW0yJTIxMXNkZSUyMTJzZGUlMjIlMjB3aWR0aCUzRCUyMjEwMCUyNSUyMiUyMGhlaWdodCUzRCUyMjMwMCUyMiUyMGZyYW1lYm9yZGVyJTNEJTIyMCUyMiUyMHN0eWxlJTNEJTIyYm9yZGVyJTNBMCUyMiUyMGFsbG93ZnVsbHNjcmVlbiUzRSUzQyUyRmlmcmFtZSUzRQ==\" size=\"300\" css=\".vc_custom_1620382394658{background-color: #ffffff !important;}\"][\/vc_column][\/vc_row]<\/p>","_et_gb_content_width":"","footnotes":""},"class_list":["post-11","page","type-page","status-publish","hentry"],"_links":{"self":[{"href":"https:\/\/www.elektro-cezanne.de\/WP\/wp-json\/wp\/v2\/pages\/11","targetHints":{"allow":["GET"]}}],"collection":[{"href":"https:\/\/www.elektro-cezanne.de\/WP\/wp-json\/wp\/v2\/pages"}],"about":[{"href":"https:\/\/www.elektro-cezanne.de\/WP\/wp-json\/wp\/v2\/types\/page"}],"author":[{"embeddable":true,"href":"https:\/\/www.elektro-cezanne.de\/WP\/wp-json\/wp\/v2\/users\/1"}],"replies":[{"embeddable":true,"href":"https:\/\/www.elektro-cezanne.de\/WP\/wp-json\/wp\/v2\/comments?post=11"}],"version-history":[{"count":35,"href":"https:\/\/www.elektro-cezanne.de\/WP\/wp-json\/wp\/v2\/pages\/11\/revisions"}],"predecessor-version":[{"id":516,"href":"https:\/\/www.elektro-cezanne.de\/WP\/wp-json\/wp\/v2\/pages\/11\/revisions\/516"}],"wp:attachment":[{"href":"https:\/\/www.elektro-cezanne.de\/WP\/wp-json\/wp\/v2\/media?parent=11"}],"curies":[{"name":"wp","href":"https:\/\/api.w.org\/{rel}","templated":true}]}}